{"id":2262,"date":"2025-12-17T04:12:01","date_gmt":"2025-12-17T04:12:01","guid":{"rendered":"https:\/\/crispbrowsing.shop\/?post_type=product&#038;p=2262"},"modified":"2025-12-18T10:02:13","modified_gmt":"2025-12-18T10:02:13","slug":"pritom-101-huvelykes-android-15-tablet-billentyuzettel-egerrel-tokkal-es-tollal-6000mah-akkumulatorral-8mp-64gb-rom-jo-valasztas-fesztival-ajandeknak-nyari-akcio-legjobb-csomagja","status":"publish","type":"product","link":"https:\/\/crispbrowsing.shop\/es\/producto\/pritom-101-huvelykes-android-15-tablet-billentyuzettel-egerrel-tokkal-es-tollal-6000mah-akkumulatorral-8mp-64gb-rom-jo-valasztas-fesztival-ajandeknak-nyari-akcio-legjobb-csomagja\/","title":{"rendered":"Tablet PRITOM 10,1\u2033 Android 15 - 64GB, billenty\u0171zettel, eg\u00e9rrel, tokkal \u00e9s tollal"},"content":{"rendered":"<div data-elementor-type=\"product-post\" data-elementor-id=\"2262\" class=\"elementor elementor-2262\" data-elementor-post-type=\"product\">\n\t\t\t\t<div class=\"elementor-element elementor-element-9b03faf e-flex e-con-boxed e-con e-parent\" data-id=\"9b03faf\" data-element_type=\"container\" data-settings=\"{&quot;ekit_has_onepagescroll_dot&quot;:&quot;yes&quot;}\">\n\t\t\t\t\t<div class=\"e-con-inner\">\n\t\t\t\t<div class=\"elementor-element elementor-element-2869bac elementor-widget elementor-widget-image\" data-id=\"2869bac\" data-element_type=\"widget\" data-settings=\"{&quot;ekit_we_effect_on&quot;:&quot;none&quot;}\" data-widget_type=\"image.default\">\n\t\t\t\t<div class=\"elementor-widget-container\">\n\t\t\t\t\t\t\t\t\t\t\t\t\t\t\t<img fetchpriority=\"high\" decoding=\"async\" width=\"800\" height=\"800\" src=\"https:\/\/crispbrowsing.shop\/wp-content\/uploads\/2025\/12\/1-1.jpg\" class=\"attachment-large size-large wp-image-2269 wvs-archive-product-image\" alt=\"\" srcset=\"https:\/\/crispbrowsing.shop\/wp-content\/uploads\/2025\/12\/1-1.jpg 1024w, https:\/\/crispbrowsing.shop\/wp-content\/uploads\/2025\/12\/1-1-300x300.jpg 300w, https:\/\/crispbrowsing.shop\/wp-content\/uploads\/2025\/12\/1-1-150x150.jpg 150w, https:\/\/crispbrowsing.shop\/wp-content\/uploads\/2025\/12\/1-1-768x768.jpg 768w, https:\/\/crispbrowsing.shop\/wp-content\/uploads\/2025\/12\/1-1-12x12.jpg 12w, https:\/\/crispbrowsing.shop\/wp-content\/uploads\/2025\/12\/1-1-600x600.jpg 600w, https:\/\/crispbrowsing.shop\/wp-content\/uploads\/2025\/12\/1-1-100x100.jpg 100w, https:\/\/crispbrowsing.shop\/wp-content\/uploads\/2025\/12\/1-1-50x50.jpg 50w\" sizes=\"(max-width: 800px) 100vw, 800px\" \/>\t\t\t\t\t\t\t\t\t\t\t\t\t\t\t<\/div>\n\t\t\t\t<\/div>\n\t\t\t\t<div class=\"elementor-element elementor-element-8dfcfbc elementor-widget elementor-widget-image\" data-id=\"8dfcfbc\" data-element_type=\"widget\" data-settings=\"{&quot;ekit_we_effect_on&quot;:&quot;none&quot;}\" data-widget_type=\"image.default\">\n\t\t\t\t<div class=\"elementor-widget-container\">\n\t\t\t\t\t\t\t\t\t\t\t\t\t\t\t<img decoding=\"async\" width=\"800\" height=\"800\" src=\"https:\/\/crispbrowsing.shop\/wp-content\/uploads\/2025\/12\/3-1.jpg\" class=\"attachment-large size-large wp-image-2268 wvs-archive-product-image\" alt=\"\" srcset=\"https:\/\/crispbrowsing.shop\/wp-content\/uploads\/2025\/12\/3-1.jpg 1024w, https:\/\/crispbrowsing.shop\/wp-content\/uploads\/2025\/12\/3-1-300x300.jpg 300w, https:\/\/crispbrowsing.shop\/wp-content\/uploads\/2025\/12\/3-1-150x150.jpg 150w, https:\/\/crispbrowsing.shop\/wp-content\/uploads\/2025\/12\/3-1-768x768.jpg 768w, https:\/\/crispbrowsing.shop\/wp-content\/uploads\/2025\/12\/3-1-12x12.jpg 12w, https:\/\/crispbrowsing.shop\/wp-content\/uploads\/2025\/12\/3-1-600x600.jpg 600w, https:\/\/crispbrowsing.shop\/wp-content\/uploads\/2025\/12\/3-1-100x100.jpg 100w, https:\/\/crispbrowsing.shop\/wp-content\/uploads\/2025\/12\/3-1-50x50.jpg 50w\" sizes=\"(max-width: 800px) 100vw, 800px\" \/>\t\t\t\t\t\t\t\t\t\t\t\t\t\t\t<\/div>\n\t\t\t\t<\/div>\n\t\t\t\t<div class=\"elementor-element elementor-element-c74406e elementor-widget elementor-widget-image\" data-id=\"c74406e\" data-element_type=\"widget\" data-settings=\"{&quot;ekit_we_effect_on&quot;:&quot;none&quot;}\" data-widget_type=\"image.default\">\n\t\t\t\t<div class=\"elementor-widget-container\">\n\t\t\t\t\t\t\t\t\t\t\t\t\t\t\t<img decoding=\"async\" width=\"800\" height=\"800\" src=\"https:\/\/crispbrowsing.shop\/wp-content\/uploads\/2025\/12\/2-1.jpg\" class=\"attachment-large size-large wp-image-2267 wvs-archive-product-image\" alt=\"\" srcset=\"https:\/\/crispbrowsing.shop\/wp-content\/uploads\/2025\/12\/2-1.jpg 1024w, https:\/\/crispbrowsing.shop\/wp-content\/uploads\/2025\/12\/2-1-300x300.jpg 300w, https:\/\/crispbrowsing.shop\/wp-content\/uploads\/2025\/12\/2-1-150x150.jpg 150w, https:\/\/crispbrowsing.shop\/wp-content\/uploads\/2025\/12\/2-1-768x768.jpg 768w, https:\/\/crispbrowsing.shop\/wp-content\/uploads\/2025\/12\/2-1-12x12.jpg 12w, https:\/\/crispbrowsing.shop\/wp-content\/uploads\/2025\/12\/2-1-600x600.jpg 600w, https:\/\/crispbrowsing.shop\/wp-content\/uploads\/2025\/12\/2-1-100x100.jpg 100w, https:\/\/crispbrowsing.shop\/wp-content\/uploads\/2025\/12\/2-1-50x50.jpg 50w\" sizes=\"(max-width: 800px) 100vw, 800px\" \/>\t\t\t\t\t\t\t\t\t\t\t\t\t\t\t<\/div>\n\t\t\t\t<\/div>\n\t\t\t\t\t<\/div>\n\t\t\t\t<\/div>\n\t\t<div class=\"elementor-element elementor-element-ddae897 e-flex e-con-boxed e-con e-parent\" data-id=\"ddae897\" data-element_type=\"container\" data-settings=\"{&quot;ekit_has_onepagescroll_dot&quot;:&quot;yes&quot;}\">\n\t\t\t\t\t<div class=\"e-con-inner\">\n\t\t\t\t<div class=\"elementor-element elementor-element-19f9dd6 elementor-widget elementor-widget-text-editor\" data-id=\"19f9dd6\" data-element_type=\"widget\" data-settings=\"{&quot;ekit_we_effect_on&quot;:&quot;none&quot;}\" data-widget_type=\"text-editor.default\">\n\t\t\t\t<div class=\"elementor-widget-container\">\n\t\t\t\t\t\t\t\t\t<ul><li>Amit l\u00e1t, amit kapsz: V\u00e1s\u00e1rolj 1 tabletet, \u00e9s a k\u00f6vetkez\u0151ket kapod: Billenty\u0171zet \u00e9s eg\u00e9r &amp; tok &amp; ceruza &amp; kihajthat\u00f3 \u00e1llv\u00e1ny<\/li><li>En la p\u00e1gina de inicio, encontrar\u00e1 m\u00e1s informaci\u00f3n, v\u00eddeos y fotos.<\/li><li>\u00a1A nagy felbont\u00e1s\u00fa kijelz\u0151 \u00e9s az \u00e9l\u00e9nk sz\u00ednek vizu\u00e1lis \u00e9lm\u00e9nyt ny\u00fajtanak!<\/li><li>Memoria de 6000 mAh - \u00a1\u00c9lvezd a hossz\u00fa k\u00e9perny\u0151id\u0151t!<\/li><\/ul>\t\t\t\t\t\t\t\t<\/div>\n\t\t\t\t<\/div>\n\t\t\t\t\t<\/div>\n\t\t\t\t<\/div>\n\t\t\t\t<\/div>","protected":false},"excerpt":{"rendered":"<p>Amit l\u00e1t, amit kapsz: V\u00e1s\u00e1rolj 1 tabletet, \u00e9s a k\u00f6vetkez\u0151ket kapod: Billenty\u0171zet \u00e9s eg\u00e9r &amp; tok &amp; ceruza &amp; kihajthat\u00f3 \u00e1llv\u00e1ny Az extra nagy t\u00e1rhely nagy helyet biztos\u00edt a mindennapi haszn\u00e1lathoz, p\u00e9ld\u00e1ul vide\u00f3k n\u00e9z\u00e9s\u00e9hez \u00e9s j\u00e1t\u00e9kokhoz. A nagy felbont\u00e1s\u00fa kijelz\u0151 \u00e9s az \u00e9l\u00e9nk sz\u00ednek vizu\u00e1lis \u00e9lm\u00e9nyt ny\u00fajtanak! 6000 mAh-s akkumul\u00e1tor \u2013 \u00c9lvezd a hossz\u00fa k\u00e9perny\u0151id\u0151t!<\/p>","protected":false},"featured_media":2251,"comment_status":"open","ping_status":"closed","template":"","meta":{"_acf_changed":false},"product_brand":[],"product_cat":[41],"product_tag":[],"class_list":{"0":"post-2262","1":"product","2":"type-product","3":"status-publish","4":"has-post-thumbnail","6":"product_cat-home-living","8":"first","9":"instock","10":"sale","11":"shipping-taxable","12":"purchasable","13":"product-type-simple"},"acf":[],"_links":{"self":[{"href":"https:\/\/crispbrowsing.shop\/es\/wp-json\/wp\/v2\/product\/2262","targetHints":{"allow":["GET"]}}],"collection":[{"href":"https:\/\/crispbrowsing.shop\/es\/wp-json\/wp\/v2\/product"}],"about":[{"href":"https:\/\/crispbrowsing.shop\/es\/wp-json\/wp\/v2\/types\/product"}],"replies":[{"embeddable":true,"href":"https:\/\/crispbrowsing.shop\/es\/wp-json\/wp\/v2\/comments?post=2262"}],"version-history":[{"count":6,"href":"https:\/\/crispbrowsing.shop\/es\/wp-json\/wp\/v2\/product\/2262\/revisions"}],"predecessor-version":[{"id":2275,"href":"https:\/\/crispbrowsing.shop\/es\/wp-json\/wp\/v2\/product\/2262\/revisions\/2275"}],"wp:featuredmedia":[{"embeddable":true,"href":"https:\/\/crispbrowsing.shop\/es\/wp-json\/wp\/v2\/media\/2251"}],"wp:attachment":[{"href":"https:\/\/crispbrowsing.shop\/es\/wp-json\/wp\/v2\/media?parent=2262"}],"wp:term":[{"taxonomy":"product_brand","embeddable":true,"href":"https:\/\/crispbrowsing.shop\/es\/wp-json\/wp\/v2\/product_brand?post=2262"},{"taxonomy":"product_cat","embeddable":true,"href":"https:\/\/crispbrowsing.shop\/es\/wp-json\/wp\/v2\/product_cat?post=2262"},{"taxonomy":"product_tag","embeddable":true,"href":"https:\/\/crispbrowsing.shop\/es\/wp-json\/wp\/v2\/product_tag?post=2262"}],"curies":[{"name":"wp","href":"https:\/\/api.w.org\/{rel}","templated":true}]}}