{"id":2398,"date":"2025-12-22T01:53:34","date_gmt":"2025-12-22T01:53:34","guid":{"rendered":"https:\/\/crispbrowsing.shop\/?post_type=product&#038;p=2398"},"modified":"2026-04-17T11:18:30","modified_gmt":"2026-04-17T11:18:30","slug":"10-1-android-tablet-set-8-core-8gb-ram-64gb-storage-includes-bluetooth-keyboard-mouse-portable-smart-device","status":"publish","type":"product","link":"https:\/\/crispbrowsing.shop\/es\/producto\/10-1-android-tablet-set-8-core-8gb-ram-64gb-storage-includes-bluetooth-keyboard-mouse-portable-smart-device\/","title":{"rendered":"Set de tableta Android de 10,1\u2033 - 8 n\u00facleos, 8 GB de RAM, 64 GB de almacenamiento, incluye teclado y rat\u00f3n Bluetooth, dispositivo inteligente port\u00e1til."},"content":{"rendered":"<p><img fetchpriority=\"high\" decoding=\"async\" class=\"aligncenter\" src=\"https:\/\/crispbrowsing.shop\/wp-content\/uploads\/2025\/12\/6-23-1024x1024.jpg\" sizes=\"(max-width: 800px) 100vw, 800px\" srcset=\"https:\/\/crispbrowsing.shop\/wp-content\/uploads\/2025\/12\/6-23-1024x1024.jpg 1024w, https:\/\/crispbrowsing.shop\/wp-content\/uploads\/2025\/12\/6-23-300x300.jpg 300w, https:\/\/crispbrowsing.shop\/wp-content\/uploads\/2025\/12\/6-23-150x150.jpg 150w, https:\/\/crispbrowsing.shop\/wp-content\/uploads\/2025\/12\/6-23-768x768.jpg 768w, https:\/\/crispbrowsing.shop\/wp-content\/uploads\/2025\/12\/6-23-1536x1536.jpg 1536w, https:\/\/crispbrowsing.shop\/wp-content\/uploads\/2025\/12\/6-23-600x600.jpg 600w, https:\/\/crispbrowsing.shop\/wp-content\/uploads\/2025\/12\/6-23-100x100.jpg 100w, https:\/\/crispbrowsing.shop\/wp-content\/uploads\/2025\/12\/6-23-50x50.jpg 50w, https:\/\/crispbrowsing.shop\/wp-content\/uploads\/2025\/12\/6-23.jpg 2048w\" alt=\"\" width=\"800\" height=\"800\" \/><br \/>\n<img decoding=\"async\" class=\"aligncenter\" src=\"https:\/\/crispbrowsing.shop\/wp-content\/uploads\/2025\/12\/5-38-1024x1024.jpg\" sizes=\"(max-width: 800px) 100vw, 800px\" srcset=\"https:\/\/crispbrowsing.shop\/wp-content\/uploads\/2025\/12\/5-38-1024x1024.jpg 1024w, https:\/\/crispbrowsing.shop\/wp-content\/uploads\/2025\/12\/5-38-300x300.jpg 300w, https:\/\/crispbrowsing.shop\/wp-content\/uploads\/2025\/12\/5-38-150x150.jpg 150w, https:\/\/crispbrowsing.shop\/wp-content\/uploads\/2025\/12\/5-38-768x768.jpg 768w, https:\/\/crispbrowsing.shop\/wp-content\/uploads\/2025\/12\/5-38-1536x1536.jpg 1536w, https:\/\/crispbrowsing.shop\/wp-content\/uploads\/2025\/12\/5-38-600x600.jpg 600w, https:\/\/crispbrowsing.shop\/wp-content\/uploads\/2025\/12\/5-38-100x100.jpg 100w, https:\/\/crispbrowsing.shop\/wp-content\/uploads\/2025\/12\/5-38-50x50.jpg 50w, https:\/\/crispbrowsing.shop\/wp-content\/uploads\/2025\/12\/5-38.jpg 2048w\" alt=\"\" width=\"800\" height=\"800\" \/><br \/>\n<img decoding=\"async\" class=\"aligncenter\" src=\"https:\/\/crispbrowsing.shop\/wp-content\/uploads\/2025\/12\/3-76-1024x1024.jpg\" sizes=\"(max-width: 800px) 100vw, 800px\" srcset=\"https:\/\/crispbrowsing.shop\/wp-content\/uploads\/2025\/12\/3-76-1024x1024.jpg 1024w, https:\/\/crispbrowsing.shop\/wp-content\/uploads\/2025\/12\/3-76-300x300.jpg 300w, https:\/\/crispbrowsing.shop\/wp-content\/uploads\/2025\/12\/3-76-150x150.jpg 150w, https:\/\/crispbrowsing.shop\/wp-content\/uploads\/2025\/12\/3-76-768x768.jpg 768w, https:\/\/crispbrowsing.shop\/wp-content\/uploads\/2025\/12\/3-76-1536x1536.jpg 1536w, https:\/\/crispbrowsing.shop\/wp-content\/uploads\/2025\/12\/3-76-600x600.jpg 600w, https:\/\/crispbrowsing.shop\/wp-content\/uploads\/2025\/12\/3-76-100x100.jpg 100w, https:\/\/crispbrowsing.shop\/wp-content\/uploads\/2025\/12\/3-76-50x50.jpg 50w, https:\/\/crispbrowsing.shop\/wp-content\/uploads\/2025\/12\/3-76.jpg 2048w\" alt=\"\" width=\"800\" height=\"800\" \/><br \/>\n<img loading=\"lazy\" decoding=\"async\" class=\"aligncenter\" src=\"https:\/\/crispbrowsing.shop\/wp-content\/uploads\/2025\/12\/2-70-1024x1024.jpg\" sizes=\"(max-width: 800px) 100vw, 800px\" srcset=\"https:\/\/crispbrowsing.shop\/wp-content\/uploads\/2025\/12\/2-70-1024x1024.jpg 1024w, https:\/\/crispbrowsing.shop\/wp-content\/uploads\/2025\/12\/2-70-300x300.jpg 300w, https:\/\/crispbrowsing.shop\/wp-content\/uploads\/2025\/12\/2-70-150x150.jpg 150w, https:\/\/crispbrowsing.shop\/wp-content\/uploads\/2025\/12\/2-70-768x768.jpg 768w, https:\/\/crispbrowsing.shop\/wp-content\/uploads\/2025\/12\/2-70-1536x1536.jpg 1536w, https:\/\/crispbrowsing.shop\/wp-content\/uploads\/2025\/12\/2-70-600x600.jpg 600w, https:\/\/crispbrowsing.shop\/wp-content\/uploads\/2025\/12\/2-70-100x100.jpg 100w, https:\/\/crispbrowsing.shop\/wp-content\/uploads\/2025\/12\/2-70-50x50.jpg 50w, https:\/\/crispbrowsing.shop\/wp-content\/uploads\/2025\/12\/2-70.jpg 2048w\" alt=\"\" width=\"800\" height=\"800\" \/><\/p>\n<ul>\n<li>\u2605 [HOCHLEISTUNGSF\u00c4HIGES ANDROID-TABLETT] El Pritom 10-Zoll-Tablet cuenta con el nuevo sistema operativo Android 14-Betriebssystem, 8 GB (4+4 GB Expand), 64 GB ROM, el Octa-Core de mayor rendimiento y ahorro de energ\u00eda, que permite un inicio de aplicaciones m\u00e1s r\u00e1pido, v\u00eddeos m\u00e1s fluidos y un mejor rendimiento. Este Tablet cuenta con una ranura para tarjetas Micro-SD (puede incluir una tarjeta SD de hasta 1 TB, NO INCLUIDA).<\/li>\n<li>\u2605[8GB (4+4 GB Expansi\u00f3n) RAM+ 64GB ROM+ 1024GB Expansible]\u2728 La tableta de 10 GB est\u00e1 equipada con 8GB (4GB +4GB Expansi\u00f3n)RAM y 64GB de memoria interna y cuenta con una ranura para tarjeta Micro-SD (ampliable con una tarjeta SD de 1TB, NO incluida en el precio de compra), para que no tengas que preocuparte m\u00e1s por la memoria y puedas leer libros, fotos y v\u00eddeos sin problemas.<\/li>\n<li>\u2605[Brillante pantalla IPS] \u2728PRITOM 10 Zoll Tablet PC tiene una brillante pantalla IPS HD de 1280 x 800 p\u00edxeles. Este tablet Android E10(M10) cuenta con una estructura de imagen n\u00edtida y colores satinados, y ofrece un rendimiento visual asombroso. Con la funci\u00f3n de aumento de la luminosidad, se filtra una funci\u00f3n especial de luz azul para reducir el ruido visual y se optimiza la iluminaci\u00f3n del fondo para obtener una imagen m\u00e1s atractiva.<\/li>\n<li>\u2605[Duale Kameras und Lautsprecher] \u2728Mit der 2.0MP Frontkamera und der 8.0MP R\u00fcckkamera, die Ihre Fotos und Videos zum Leben erweckt. El PRITOM 10-Zoll-Android-Tablet es ideal para fotografiar, celebrar fiestas y disfrutar de momentos inolvidables con amigos y familiares. En comparaci\u00f3n con la mayor\u00eda de los tablets de 10 n\u00facleos, el Pritom est\u00e1 equipado con dos altavoces que ofrecen un sonido excelente y te permiten disfrutar del mundo del cine.<\/li>\n<li>\u2605[Gr\u00f6\u00dfere Batterie] \u2728PRITOM Tablet android ist mit einer 6000mAh-Batterie ausgestattet, die Ihnen jederzeit und \u00fcberall eine ununterbrochene Arbeitseffizienz bietet. Seg\u00fan pruebas realizadas, la bater\u00eda de 6000Ah garantiza que el uso no se interrumpa.<\/li>\n<\/ul>","protected":false},"excerpt":{"rendered":"<p>\u2605 [HOCHLEISTUNGSF\u00c4HIGES ANDROID-TABLETT] Das Pritom 10-Zoll-Tablet verf\u00fcgt \u00fcber das neueste Android 14-Betriebssystem, 8 GB (4+4 GB Expand), 64 GB ROM, den leistungsstarken und energiesparenden Octa-Core, der einen schnelleren App-Start, fl\u00fcssigere Videos und eine bessere Gesamtleistung erm\u00f6glicht. Dieses Tablet verf\u00fcgt \u00fcber einen Micro-SD-Kartenslot (eine SD-Karte mit max. 1 TB kann hinzugef\u00fcgt werden, NICHT enthalten). \u2605[8GB (4+4 [&hellip;]<\/p>","protected":false},"featured_media":2399,"comment_status":"open","ping_status":"closed","template":"","meta":{"_acf_changed":false},"product_brand":[],"product_cat":[41],"product_tag":[],"class_list":{"0":"post-2398","1":"product","2":"type-product","3":"status-publish","4":"has-post-thumbnail","6":"product_cat-home-living","8":"first","9":"instock","10":"sale","11":"shipping-taxable","12":"purchasable","13":"product-type-simple"},"acf":[],"_links":{"self":[{"href":"https:\/\/crispbrowsing.shop\/es\/wp-json\/wp\/v2\/product\/2398","targetHints":{"allow":["GET"]}}],"collection":[{"href":"https:\/\/crispbrowsing.shop\/es\/wp-json\/wp\/v2\/product"}],"about":[{"href":"https:\/\/crispbrowsing.shop\/es\/wp-json\/wp\/v2\/types\/product"}],"replies":[{"embeddable":true,"href":"https:\/\/crispbrowsing.shop\/es\/wp-json\/wp\/v2\/comments?post=2398"}],"version-history":[{"count":2,"href":"https:\/\/crispbrowsing.shop\/es\/wp-json\/wp\/v2\/product\/2398\/revisions"}],"predecessor-version":[{"id":2443,"href":"https:\/\/crispbrowsing.shop\/es\/wp-json\/wp\/v2\/product\/2398\/revisions\/2443"}],"wp:featuredmedia":[{"embeddable":true,"href":"https:\/\/crispbrowsing.shop\/es\/wp-json\/wp\/v2\/media\/2399"}],"wp:attachment":[{"href":"https:\/\/crispbrowsing.shop\/es\/wp-json\/wp\/v2\/media?parent=2398"}],"wp:term":[{"taxonomy":"product_brand","embeddable":true,"href":"https:\/\/crispbrowsing.shop\/es\/wp-json\/wp\/v2\/product_brand?post=2398"},{"taxonomy":"product_cat","embeddable":true,"href":"https:\/\/crispbrowsing.shop\/es\/wp-json\/wp\/v2\/product_cat?post=2398"},{"taxonomy":"product_tag","embeddable":true,"href":"https:\/\/crispbrowsing.shop\/es\/wp-json\/wp\/v2\/product_tag?post=2398"}],"curies":[{"name":"wp","href":"https:\/\/api.w.org\/{rel}","templated":true}]}}