{"id":2450,"date":"2025-12-24T04:21:08","date_gmt":"2025-12-24T04:21:08","guid":{"rendered":"https:\/\/crispbrowsing.shop\/?post_type=product&#038;p=2450"},"modified":"2025-12-24T05:21:57","modified_gmt":"2025-12-24T05:21:57","slug":"conjunto-de-destornillador-magnetico-24-en-1-kit-de-bits-de-destornillador-multifuncion-conjunto-de-herramientas-de-reparacion-domestica-con-trinquete-desmontable-de-manija-en-t","status":"publish","type":"product","link":"https:\/\/crispbrowsing.shop\/es\/producto\/conjunto-de-destornillador-magnetico-24-en-1-kit-de-bits-de-destornillador-multifuncion-conjunto-de-herramientas-de-reparacion-domestica-con-trinquete-desmontable-de-manija-en-t\/","title":{"rendered":"Conjunto de destornillador magn\u00e9tico 24 en 1, Kit de bits de destornillador multifunci\u00f3n, Conjunto de herramientas de reparaci\u00f3n dom\u00e9stica con trinquete desmontable de manija en T"},"content":{"rendered":"<p><img fetchpriority=\"high\" decoding=\"async\" class=\"aligncenter\" src=\"https:\/\/crispbrowsing.shop\/wp-content\/uploads\/2025\/12\/71SqxkpiclL._AC_SL1001_-1.jpg\" sizes=\"(max-width: 800px) 100vw, 800px\" srcset=\"https:\/\/crispbrowsing.shop\/wp-content\/uploads\/2025\/12\/71SqxkpiclL._AC_SL1001_-1.jpg 1001w, https:\/\/crispbrowsing.shop\/wp-content\/uploads\/2025\/12\/71SqxkpiclL._AC_SL1001_-1-300x300_1.jpg 300w, https:\/\/crispbrowsing.shop\/wp-content\/uploads\/2025\/12\/71SqxkpiclL._AC_SL1001_-1-150x150_1.jpg 150w, https:\/\/crispbrowsing.shop\/wp-content\/uploads\/2025\/12\/71SqxkpiclL._AC_SL1001_-1-768x768_1.jpg 768w, https:\/\/crispbrowsing.shop\/wp-content\/uploads\/2025\/12\/71SqxkpiclL._AC_SL1001_-1-600x600_1.jpg 600w, https:\/\/crispbrowsing.shop\/wp-content\/uploads\/2025\/12\/71SqxkpiclL._AC_SL1001_-1-100x100_1.jpg 100w, https:\/\/crispbrowsing.shop\/wp-content\/uploads\/2025\/12\/71SqxkpiclL._AC_SL1001_-1-50x50_1.jpg 50w\" alt=\"\" width=\"800\" height=\"800\" \/><br \/>\n<img decoding=\"async\" class=\"aligncenter\" src=\"https:\/\/crispbrowsing.shop\/wp-content\/uploads\/2025\/12\/61yXo23RwZL._AC_SL1001_-1.jpg\" sizes=\"(max-width: 800px) 100vw, 800px\" srcset=\"https:\/\/crispbrowsing.shop\/wp-content\/uploads\/2025\/12\/61yXo23RwZL._AC_SL1001_-1.jpg 1001w, https:\/\/crispbrowsing.shop\/wp-content\/uploads\/2025\/12\/61yXo23RwZL._AC_SL1001_-1-300x300_1.jpg 300w, https:\/\/crispbrowsing.shop\/wp-content\/uploads\/2025\/12\/61yXo23RwZL._AC_SL1001_-1-150x150_1.jpg 150w, https:\/\/crispbrowsing.shop\/wp-content\/uploads\/2025\/12\/61yXo23RwZL._AC_SL1001_-1-768x768_1.jpg 768w, https:\/\/crispbrowsing.shop\/wp-content\/uploads\/2025\/12\/61yXo23RwZL._AC_SL1001_-1-600x600_1.jpg 600w, https:\/\/crispbrowsing.shop\/wp-content\/uploads\/2025\/12\/61yXo23RwZL._AC_SL1001_-1-100x100_1.jpg 100w, https:\/\/crispbrowsing.shop\/wp-content\/uploads\/2025\/12\/61yXo23RwZL._AC_SL1001_-1-50x50_1.jpg 50w\" alt=\"\" width=\"800\" height=\"800\" \/><br \/>\n<img decoding=\"async\" class=\"aligncenter\" src=\"https:\/\/crispbrowsing.shop\/wp-content\/uploads\/2025\/12\/2-111-1024x1024.jpg\" sizes=\"(max-width: 800px) 100vw, 800px\" srcset=\"https:\/\/crispbrowsing.shop\/wp-content\/uploads\/2025\/12\/2-111-1024x1024.jpg 1024w, https:\/\/crispbrowsing.shop\/wp-content\/uploads\/2025\/12\/2-111-300x300.jpg 300w, https:\/\/crispbrowsing.shop\/wp-content\/uploads\/2025\/12\/2-111-150x150.jpg 150w, https:\/\/crispbrowsing.shop\/wp-content\/uploads\/2025\/12\/2-111-768x768.jpg 768w, https:\/\/crispbrowsing.shop\/wp-content\/uploads\/2025\/12\/2-111-1536x1536.jpg 1536w, https:\/\/crispbrowsing.shop\/wp-content\/uploads\/2025\/12\/2-111-600x600.jpg 600w, https:\/\/crispbrowsing.shop\/wp-content\/uploads\/2025\/12\/2-111-100x100.jpg 100w, https:\/\/crispbrowsing.shop\/wp-content\/uploads\/2025\/12\/2-111-50x50.jpg 50w, https:\/\/crispbrowsing.shop\/wp-content\/uploads\/2025\/12\/2-111.jpg 2048w\" alt=\"\" width=\"800\" height=\"800\" \/><br \/>\n<img loading=\"lazy\" decoding=\"async\" class=\"aligncenter\" src=\"https:\/\/crispbrowsing.shop\/wp-content\/uploads\/2025\/12\/1-124-1024x1024.jpg\" sizes=\"(max-width: 800px) 100vw, 800px\" srcset=\"https:\/\/crispbrowsing.shop\/wp-content\/uploads\/2025\/12\/1-124-1024x1024.jpg 1024w, https:\/\/crispbrowsing.shop\/wp-content\/uploads\/2025\/12\/1-124-300x300.jpg 300w, https:\/\/crispbrowsing.shop\/wp-content\/uploads\/2025\/12\/1-124-150x150.jpg 150w, https:\/\/crispbrowsing.shop\/wp-content\/uploads\/2025\/12\/1-124-768x768.jpg 768w, https:\/\/crispbrowsing.shop\/wp-content\/uploads\/2025\/12\/1-124-1536x1536.jpg 1536w, https:\/\/crispbrowsing.shop\/wp-content\/uploads\/2025\/12\/1-124-600x600.jpg 600w, https:\/\/crispbrowsing.shop\/wp-content\/uploads\/2025\/12\/1-124-100x100.jpg 100w, https:\/\/crispbrowsing.shop\/wp-content\/uploads\/2025\/12\/1-124-50x50.jpg 50w, https:\/\/crispbrowsing.shop\/wp-content\/uploads\/2025\/12\/1-124.jpg 2048w\" alt=\"\" width=\"800\" height=\"800\" \/><\/p>\n<ul>\n<li>24pcs grado industrial S2 cromo molibdeno cabeza del destornillador de acero de aleaci\u00f3n con proceso de tratamiento t\u00e9rmico continuo. Auxiliar de alta precisi\u00f3n de control num\u00e9rico integrado de moldeo, carburaci\u00f3n de refinado t\u00e9rmico, de grado industrial de la vida de servicio, duro pero no quebradizo, y lleno de dureza.<\/li>\n<li>5 tipos de cabezas de destornillador para satisfacer las necesidades de uso profesional, vida familiar, trabajo, bricolaje, mantenimiento.<\/li>\n<li>Aleaci\u00f3n de aluminio forjado s\u00faper duro, resistencia de acero ordinario, peso ligero 1\/2;Dise\u00f1o de anillo de color f\u00e1cil de reconocer, la entrada de la cabeza del destornillador es claramente visible.<\/li>\n<li>Si tiene alguna pregunta sobre nuestros productos, p\u00f3ngase en contacto con nosotros a tiempo, le atenderemos en cualquier momento.<\/li>\n<li>Los productos internacionales tienen condiciones distintas, se venden desde el extranjero y pueden diferir de los productos locales, incluido el ajuste, la clasificaci\u00f3n por edades y el idioma del producto, el etiquetado o las instrucciones.<\/li>\n<\/ul>","protected":false},"excerpt":{"rendered":"<p>24pcs industrial grade S2 chromium molybdenum alloy steel screwdriver head with continuous heat treatment process. Auxiliary high-precision numerical control integrated molding, carburizing thermal refining, industrial grade service life, hard but not brittle, and full of toughness. 5 types of screwdriver heads to meet the needs of professional use, family life, work, DIY, maintenance. Forged super [&hellip;]<\/p>","protected":false},"featured_media":2451,"comment_status":"open","ping_status":"closed","template":"","meta":{"_acf_changed":false},"product_brand":[],"product_cat":[41],"product_tag":[],"class_list":{"0":"post-2450","1":"product","2":"type-product","3":"status-publish","4":"has-post-thumbnail","6":"product_cat-home-living","8":"first","9":"instock","10":"sale","11":"shipping-taxable","12":"purchasable","13":"product-type-simple"},"acf":[],"_links":{"self":[{"href":"https:\/\/crispbrowsing.shop\/es\/wp-json\/wp\/v2\/product\/2450","targetHints":{"allow":["GET"]}}],"collection":[{"href":"https:\/\/crispbrowsing.shop\/es\/wp-json\/wp\/v2\/product"}],"about":[{"href":"https:\/\/crispbrowsing.shop\/es\/wp-json\/wp\/v2\/types\/product"}],"replies":[{"embeddable":true,"href":"https:\/\/crispbrowsing.shop\/es\/wp-json\/wp\/v2\/comments?post=2450"}],"version-history":[{"count":2,"href":"https:\/\/crispbrowsing.shop\/es\/wp-json\/wp\/v2\/product\/2450\/revisions"}],"predecessor-version":[{"id":2491,"href":"https:\/\/crispbrowsing.shop\/es\/wp-json\/wp\/v2\/product\/2450\/revisions\/2491"}],"wp:featuredmedia":[{"embeddable":true,"href":"https:\/\/crispbrowsing.shop\/es\/wp-json\/wp\/v2\/media\/2451"}],"wp:attachment":[{"href":"https:\/\/crispbrowsing.shop\/es\/wp-json\/wp\/v2\/media?parent=2450"}],"wp:term":[{"taxonomy":"product_brand","embeddable":true,"href":"https:\/\/crispbrowsing.shop\/es\/wp-json\/wp\/v2\/product_brand?post=2450"},{"taxonomy":"product_cat","embeddable":true,"href":"https:\/\/crispbrowsing.shop\/es\/wp-json\/wp\/v2\/product_cat?post=2450"},{"taxonomy":"product_tag","embeddable":true,"href":"https:\/\/crispbrowsing.shop\/es\/wp-json\/wp\/v2\/product_tag?post=2450"}],"curies":[{"name":"wp","href":"https:\/\/api.w.org\/{rel}","templated":true}]}}