{"id":2495,"date":"2026-01-03T02:40:34","date_gmt":"2026-01-03T02:40:34","guid":{"rendered":"https:\/\/crispbrowsing.shop\/?post_type=product&#038;p=2495"},"modified":"2026-01-03T02:43:01","modified_gmt":"2026-01-03T02:43:01","slug":"largner-cortadora-de-pelo-profesional-para-hombre-kits-y-juegos-de-afeitadoras-electricas-cuchillas-en-t-de-ceramica-para-peluquero-para-regalos-blanco","status":"publish","type":"product","link":"https:\/\/crispbrowsing.shop\/es\/producto\/largner-cortadora-de-pelo-profesional-para-hombre-kits-y-juegos-de-afeitadoras-electricas-cuchillas-en-t-de-ceramica-para-peluquero-para-regalos-blanco\/","title":{"rendered":"LARGNER-cortadora de pelo profesional para hombre, Kits y juegos de afeitadoras el\u00e9ctricas, cuchillas en T de cer\u00e1mica, para peluquero, para regalos (blanco)"},"content":{"rendered":"<p><img fetchpriority=\"high\" decoding=\"async\" class=\"aligncenter\" src=\"https:\/\/crispbrowsing.shop\/wp-content\/uploads\/2026\/01\/1-268-1024x420.jpg\" sizes=\"(max-width: 800px) 100vw, 800px\" srcset=\"https:\/\/crispbrowsing.shop\/wp-content\/uploads\/2026\/01\/1-268-1024x420.jpg 1024w, https:\/\/crispbrowsing.shop\/wp-content\/uploads\/2026\/01\/1-268-300x123.jpg 300w, https:\/\/crispbrowsing.shop\/wp-content\/uploads\/2026\/01\/1-268-768x315.jpg 768w, https:\/\/crispbrowsing.shop\/wp-content\/uploads\/2026\/01\/1-268-600x246.jpg 600w, https:\/\/crispbrowsing.shop\/wp-content\/uploads\/2026\/01\/1-268.jpg 1464w\" alt=\"\" width=\"800\" height=\"328\" \/><br \/>\n<img decoding=\"async\" class=\"aligncenter\" src=\"https:\/\/crispbrowsing.shop\/wp-content\/uploads\/2026\/01\/3-286-1024x420.jpg\" sizes=\"(max-width: 800px) 100vw, 800px\" srcset=\"https:\/\/crispbrowsing.shop\/wp-content\/uploads\/2026\/01\/3-286-1024x420.jpg 1024w, https:\/\/crispbrowsing.shop\/wp-content\/uploads\/2026\/01\/3-286-300x123.jpg 300w, https:\/\/crispbrowsing.shop\/wp-content\/uploads\/2026\/01\/3-286-768x315.jpg 768w, https:\/\/crispbrowsing.shop\/wp-content\/uploads\/2026\/01\/3-286-600x246.jpg 600w, https:\/\/crispbrowsing.shop\/wp-content\/uploads\/2026\/01\/3-286.jpg 1464w\" alt=\"\" width=\"800\" height=\"328\" \/><br \/>\n<img decoding=\"async\" class=\"aligncenter\" src=\"https:\/\/crispbrowsing.shop\/wp-content\/uploads\/2026\/01\/2-265-1024x420.jpg\" sizes=\"(max-width: 800px) 100vw, 800px\" srcset=\"https:\/\/crispbrowsing.shop\/wp-content\/uploads\/2026\/01\/2-265-1024x420.jpg 1024w, https:\/\/crispbrowsing.shop\/wp-content\/uploads\/2026\/01\/2-265-300x123.jpg 300w, https:\/\/crispbrowsing.shop\/wp-content\/uploads\/2026\/01\/2-265-768x315.jpg 768w, https:\/\/crispbrowsing.shop\/wp-content\/uploads\/2026\/01\/2-265-600x246.jpg 600w, https:\/\/crispbrowsing.shop\/wp-content\/uploads\/2026\/01\/2-265.jpg 1464w\" alt=\"\" width=\"800\" height=\"328\" \/><\/p>\n<ul>\n<li>Kit profesional de corte de pelo para hombre: El set de corte de pelo profesional BESTBOMG incluye cortapelos, cortabarbas y afeitadora recargable inal\u00e1mbrica. Nuestros cortapelos profesionales pueden satisfacer todas sus necesidades de corte de pelo, la palanca de desvanecimiento ajustable (0,8-2 mm) ofrece un control preciso, puede ajustar libremente la longitud que desee. La recortadora de precisi\u00f3n puede manejar los detalles de su cabello y barba facial. La afeitadora inal\u00e1mbrica puede limpiar su cabello y barba.<\/li>\n<li>Motor potente y cuchillas ultra afiladas: Equipado con un motor silencioso y potente (velocidad del motor: 7000-9000RPM), as\u00ed como cuchillas de metal ultra afiladas, nuestro cortapelos corta sin esfuerzo todo tipo de cabello sin tirones ni calor. Los dientes alineados con precisi\u00f3n garantizan un corte sin enganches para adultos y ni\u00f1os, mientras que la cuchilla en T ofrece detalles sin espacios para cortes de peluquer\u00eda.<\/li>\n<li>220min de autonom\u00eda y carga r\u00e1pida: El cortapelos funciona 220 minutos (3 horas de carga), el cortabarbas 160 minutos (2 horas de carga) y la afeitadora 120 minutos (2 horas de carga). El estado de la bater\u00eda se controla a trav\u00e9s de la pantalla para evitar la p\u00e9rdida de potencia a mitad de corte. Viene con cable universal Tipo-C que se puede utilizar de forma intercambiable, sin preocuparse de organizar cables de carga desordenados.<\/li>\n<\/ul>","protected":false},"excerpt":{"rendered":"<p>Professional Men\u2019s Haircutting Kit: BESTBOMG professional haircutting set includes hair clippers, beard trimmers and cordless rechargeable shaver. Our professional hair clippers can meet all your haircutting needs, adjustable fade lever (0.8-2mm) offers precise control, you can freely adjust the length you want. The precision trimmer can manage the details of your hair and facial beard. [&hellip;]<\/p>","protected":false},"featured_media":2499,"comment_status":"open","ping_status":"closed","template":"","meta":{"_acf_changed":false},"product_brand":[],"product_cat":[41],"product_tag":[],"class_list":{"0":"post-2495","1":"product","2":"type-product","3":"status-publish","4":"has-post-thumbnail","6":"product_cat-home-living","8":"first","9":"instock","10":"sale","11":"shipping-taxable","12":"purchasable","13":"product-type-variable","14":"wvs-archive-product-wrapper"},"acf":[],"_links":{"self":[{"href":"https:\/\/crispbrowsing.shop\/es\/wp-json\/wp\/v2\/product\/2495","targetHints":{"allow":["GET"]}}],"collection":[{"href":"https:\/\/crispbrowsing.shop\/es\/wp-json\/wp\/v2\/product"}],"about":[{"href":"https:\/\/crispbrowsing.shop\/es\/wp-json\/wp\/v2\/types\/product"}],"replies":[{"embeddable":true,"href":"https:\/\/crispbrowsing.shop\/es\/wp-json\/wp\/v2\/comments?post=2495"}],"version-history":[{"count":2,"href":"https:\/\/crispbrowsing.shop\/es\/wp-json\/wp\/v2\/product\/2495\/revisions"}],"predecessor-version":[{"id":2524,"href":"https:\/\/crispbrowsing.shop\/es\/wp-json\/wp\/v2\/product\/2495\/revisions\/2524"}],"wp:featuredmedia":[{"embeddable":true,"href":"https:\/\/crispbrowsing.shop\/es\/wp-json\/wp\/v2\/media\/2499"}],"wp:attachment":[{"href":"https:\/\/crispbrowsing.shop\/es\/wp-json\/wp\/v2\/media?parent=2495"}],"wp:term":[{"taxonomy":"product_brand","embeddable":true,"href":"https:\/\/crispbrowsing.shop\/es\/wp-json\/wp\/v2\/product_brand?post=2495"},{"taxonomy":"product_cat","embeddable":true,"href":"https:\/\/crispbrowsing.shop\/es\/wp-json\/wp\/v2\/product_cat?post=2495"},{"taxonomy":"product_tag","embeddable":true,"href":"https:\/\/crispbrowsing.shop\/es\/wp-json\/wp\/v2\/product_tag?post=2495"}],"curies":[{"name":"wp","href":"https:\/\/api.w.org\/{rel}","templated":true}]}}