{"id":2531,"date":"2026-01-09T04:09:48","date_gmt":"2026-01-09T04:09:48","guid":{"rendered":"https:\/\/crispbrowsing.shop\/?post_type=product&#038;p=2531"},"modified":"2026-01-09T04:14:34","modified_gmt":"2026-01-09T04:14:34","slug":"espejo-de-maquillaje-con-iluminacion-led-tocador-con-15-bombillas-3-modos-de-luz-control-tactil-usb-recargable-rotacion-360-y-aumento-desmontable-para-maquillaje-profesional","status":"publish","type":"product","link":"https:\/\/crispbrowsing.shop\/es\/producto\/espejo-de-maquillaje-con-iluminacion-led-tocador-con-15-bombillas-3-modos-de-luz-control-tactil-usb-recargable-rotacion-360-y-aumento-desmontable-para-maquillaje-profesional\/","title":{"rendered":"Espejo de Maquillaje con Iluminaci\u00f3n LED: Tocador con 15 Bombillas, 3 Modos de Luz, Control T\u00e1ctil, USB Recargable, Rotaci\u00f3n 360\u00b0 y Aumento Desmontable para Maquillaje Profesional"},"content":{"rendered":"<p><img fetchpriority=\"high\" decoding=\"async\" class=\"aligncenter\" src=\"https:\/\/crispbrowsing.shop\/wp-content\/uploads\/2026\/01\/61KQS5wlBoL._AC_SL1250_-1-1024x1024.jpg\" sizes=\"(max-width: 800px) 100vw, 800px\" srcset=\"https:\/\/crispbrowsing.shop\/wp-content\/uploads\/2026\/01\/61KQS5wlBoL._AC_SL1250_-1-1024x1024.jpg 1024w, https:\/\/crispbrowsing.shop\/wp-content\/uploads\/2026\/01\/61KQS5wlBoL._AC_SL1250_-1-300x300.jpg 300w, https:\/\/crispbrowsing.shop\/wp-content\/uploads\/2026\/01\/61KQS5wlBoL._AC_SL1250_-1-150x150.jpg 150w, https:\/\/crispbrowsing.shop\/wp-content\/uploads\/2026\/01\/61KQS5wlBoL._AC_SL1250_-1-768x768.jpg 768w, https:\/\/crispbrowsing.shop\/wp-content\/uploads\/2026\/01\/61KQS5wlBoL._AC_SL1250_-1-600x600.jpg 600w, https:\/\/crispbrowsing.shop\/wp-content\/uploads\/2026\/01\/61KQS5wlBoL._AC_SL1250_-1-100x100.jpg 100w, https:\/\/crispbrowsing.shop\/wp-content\/uploads\/2026\/01\/61KQS5wlBoL._AC_SL1250_-1-50x50.jpg 50w, https:\/\/crispbrowsing.shop\/wp-content\/uploads\/2026\/01\/61KQS5wlBoL._AC_SL1250_-1.jpg 1250w\" alt=\"\" width=\"800\" height=\"800\" \/><br \/>\n<img decoding=\"async\" class=\"aligncenter\" src=\"https:\/\/crispbrowsing.shop\/wp-content\/uploads\/2026\/01\/51RjzA1SheL._AC_SL1250_-1-1024x1024.jpg\" sizes=\"(max-width: 800px) 100vw, 800px\" srcset=\"https:\/\/crispbrowsing.shop\/wp-content\/uploads\/2026\/01\/51RjzA1SheL._AC_SL1250_-1-1024x1024.jpg 1024w, https:\/\/crispbrowsing.shop\/wp-content\/uploads\/2026\/01\/51RjzA1SheL._AC_SL1250_-1-300x300.jpg 300w, https:\/\/crispbrowsing.shop\/wp-content\/uploads\/2026\/01\/51RjzA1SheL._AC_SL1250_-1-150x150.jpg 150w, https:\/\/crispbrowsing.shop\/wp-content\/uploads\/2026\/01\/51RjzA1SheL._AC_SL1250_-1-768x768.jpg 768w, https:\/\/crispbrowsing.shop\/wp-content\/uploads\/2026\/01\/51RjzA1SheL._AC_SL1250_-1-600x600.jpg 600w, https:\/\/crispbrowsing.shop\/wp-content\/uploads\/2026\/01\/51RjzA1SheL._AC_SL1250_-1-100x100.jpg 100w, https:\/\/crispbrowsing.shop\/wp-content\/uploads\/2026\/01\/51RjzA1SheL._AC_SL1250_-1-50x50.jpg 50w, https:\/\/crispbrowsing.shop\/wp-content\/uploads\/2026\/01\/51RjzA1SheL._AC_SL1250_-1.jpg 1250w\" alt=\"\" width=\"800\" height=\"800\" \/><br \/>\n<img decoding=\"async\" class=\"aligncenter\" src=\"https:\/\/crispbrowsing.shop\/wp-content\/uploads\/2026\/01\/b7a9ea29cee04b45a7b19d80bcd3a41ctplv-tulkllf4y5-resize-jpeg_800_800-1.jpg\" sizes=\"(max-width: 800px) 100vw, 800px\" srcset=\"https:\/\/crispbrowsing.shop\/wp-content\/uploads\/2026\/01\/b7a9ea29cee04b45a7b19d80bcd3a41ctplv-tulkllf4y5-resize-jpeg_800_800-1.jpg 800w, https:\/\/crispbrowsing.shop\/wp-content\/uploads\/2026\/01\/b7a9ea29cee04b45a7b19d80bcd3a41ctplv-tulkllf4y5-resize-jpeg_800_800-1-300x300_1.jpg 300w, https:\/\/crispbrowsing.shop\/wp-content\/uploads\/2026\/01\/b7a9ea29cee04b45a7b19d80bcd3a41ctplv-tulkllf4y5-resize-jpeg_800_800-1-150x150_1.jpg 150w, https:\/\/crispbrowsing.shop\/wp-content\/uploads\/2026\/01\/b7a9ea29cee04b45a7b19d80bcd3a41ctplv-tulkllf4y5-resize-jpeg_800_800-1-768x768_1.jpg 768w, https:\/\/crispbrowsing.shop\/wp-content\/uploads\/2026\/01\/b7a9ea29cee04b45a7b19d80bcd3a41ctplv-tulkllf4y5-resize-jpeg_800_800-1-600x600_1.jpg 600w, https:\/\/crispbrowsing.shop\/wp-content\/uploads\/2026\/01\/b7a9ea29cee04b45a7b19d80bcd3a41ctplv-tulkllf4y5-resize-jpeg_800_800-1-100x100_1.jpg 100w, https:\/\/crispbrowsing.shop\/wp-content\/uploads\/2026\/01\/b7a9ea29cee04b45a7b19d80bcd3a41ctplv-tulkllf4y5-resize-jpeg_800_800-1-50x50_1.jpg 50w\" alt=\"\" width=\"800\" height=\"800\" \/><br \/>\n<img loading=\"lazy\" decoding=\"async\" class=\"aligncenter\" src=\"https:\/\/crispbrowsing.shop\/wp-content\/uploads\/2026\/01\/511lcirVdFL._AC_SL1250_-1-1024x1024.jpg\" sizes=\"(max-width: 800px) 100vw, 800px\" srcset=\"https:\/\/crispbrowsing.shop\/wp-content\/uploads\/2026\/01\/511lcirVdFL._AC_SL1250_-1-1024x1024.jpg 1024w, https:\/\/crispbrowsing.shop\/wp-content\/uploads\/2026\/01\/511lcirVdFL._AC_SL1250_-1-300x300.jpg 300w, https:\/\/crispbrowsing.shop\/wp-content\/uploads\/2026\/01\/511lcirVdFL._AC_SL1250_-1-150x150.jpg 150w, https:\/\/crispbrowsing.shop\/wp-content\/uploads\/2026\/01\/511lcirVdFL._AC_SL1250_-1-768x768.jpg 768w, https:\/\/crispbrowsing.shop\/wp-content\/uploads\/2026\/01\/511lcirVdFL._AC_SL1250_-1-600x600.jpg 600w, https:\/\/crispbrowsing.shop\/wp-content\/uploads\/2026\/01\/511lcirVdFL._AC_SL1250_-1-100x100.jpg 100w, https:\/\/crispbrowsing.shop\/wp-content\/uploads\/2026\/01\/511lcirVdFL._AC_SL1250_-1-50x50.jpg 50w, https:\/\/crispbrowsing.shop\/wp-content\/uploads\/2026\/01\/511lcirVdFL._AC_SL1250_-1.jpg 1250w\" alt=\"\" width=\"800\" height=\"800\" \/><\/p>\n<ul>\n<li>15 bombillas LED: El espejo de maquillaje con luz con el dise\u00f1o m\u00e1s bonito y moderno del momento. Este espejo de tocador cuenta con 15 bombillas LED no reemplazables que proporcionan la iluminaci\u00f3n perfecta para realizar tus rituales de maquillaje y belleza favoritos. Funciona conectado a la corriente el\u00e9ctrica.<\/li>\n<li>3 MODOS DE LUZ E INTENSIDAD: Dise\u00f1amos nuestro espejo con luz para que sea lo m\u00e1s c\u00f3modo y pr\u00e1ctico posible, sin sacrificar un dise\u00f1o elegante que se integre perfectamente con la decoraci\u00f3n de tu habitaci\u00f3n. El espejo de tocador con luz tiene 3 modos de iluminaci\u00f3n e intensidades ajustables para que puedas elegir el tono que m\u00e1s te guste en cada momento, desde una luz blanca hasta el tono m\u00e1s c\u00e1lido, y tambi\u00e9n ajustar la intensidad y el brillo.<\/li>\n<li>BOTONES T\u00c1CTILES: El espejo de tocador con luz cuenta con tres botones de control t\u00e1ctil de dise\u00f1o minimalista. Los botones se encuentran en la parte frontal del espejo LED. En el centro, el bot\u00f3n de encendido\/apagado de la luz; a la izquierda, el bot\u00f3n M para seleccionar y cambiar el tono y el color de la luz; y a la derecha, el bot\u00f3n P, con el que se puede ajustar la intensidad y el brillo de la luz de forma sencilla y c\u00f3moda, simplemente manteni\u00e9ndolo pulsado.<\/li>\n<\/ul>","protected":false},"excerpt":{"rendered":"<p>15 bombillas LED: El espejo de maquillaje con luz con el dise\u00f1o m\u00e1s bonito y moderno del momento. Este espejo de tocador cuenta con 15 bombillas LED no reemplazables que proporcionan la iluminaci\u00f3n perfecta para realizar tus rituales de maquillaje y belleza favoritos. Funciona conectado a la corriente el\u00e9ctrica. 3 MODOS DE LUZ E INTENSIDAD: [&hellip;]<\/p>","protected":false},"featured_media":2532,"comment_status":"open","ping_status":"closed","template":"","meta":{"_acf_changed":false},"product_brand":[],"product_cat":[41],"product_tag":[],"class_list":{"0":"post-2531","1":"product","2":"type-product","3":"status-publish","4":"has-post-thumbnail","6":"product_cat-home-living","8":"first","9":"instock","10":"sale","11":"shipping-taxable","12":"purchasable","13":"product-type-simple"},"acf":[],"_links":{"self":[{"href":"https:\/\/crispbrowsing.shop\/es\/wp-json\/wp\/v2\/product\/2531","targetHints":{"allow":["GET"]}}],"collection":[{"href":"https:\/\/crispbrowsing.shop\/es\/wp-json\/wp\/v2\/product"}],"about":[{"href":"https:\/\/crispbrowsing.shop\/es\/wp-json\/wp\/v2\/types\/product"}],"replies":[{"embeddable":true,"href":"https:\/\/crispbrowsing.shop\/es\/wp-json\/wp\/v2\/comments?post=2531"}],"version-history":[{"count":3,"href":"https:\/\/crispbrowsing.shop\/es\/wp-json\/wp\/v2\/product\/2531\/revisions"}],"predecessor-version":[{"id":2572,"href":"https:\/\/crispbrowsing.shop\/es\/wp-json\/wp\/v2\/product\/2531\/revisions\/2572"}],"wp:featuredmedia":[{"embeddable":true,"href":"https:\/\/crispbrowsing.shop\/es\/wp-json\/wp\/v2\/media\/2532"}],"wp:attachment":[{"href":"https:\/\/crispbrowsing.shop\/es\/wp-json\/wp\/v2\/media?parent=2531"}],"wp:term":[{"taxonomy":"product_brand","embeddable":true,"href":"https:\/\/crispbrowsing.shop\/es\/wp-json\/wp\/v2\/product_brand?post=2531"},{"taxonomy":"product_cat","embeddable":true,"href":"https:\/\/crispbrowsing.shop\/es\/wp-json\/wp\/v2\/product_cat?post=2531"},{"taxonomy":"product_tag","embeddable":true,"href":"https:\/\/crispbrowsing.shop\/es\/wp-json\/wp\/v2\/product_tag?post=2531"}],"curies":[{"name":"wp","href":"https:\/\/api.w.org\/{rel}","templated":true}]}}