{"id":2580,"date":"2026-01-14T01:18:12","date_gmt":"2026-01-14T01:18:12","guid":{"rendered":"https:\/\/crispbrowsing.shop\/?post_type=product&#038;p=2580"},"modified":"2026-01-14T01:23:53","modified_gmt":"2026-01-14T01:23:53","slug":"camara-de-seguridad-solar-inalambrica-para-exteriores-vigilancia-con-wifi-bateria-de-1080p-deteccion-humana-vision-nocturna-a-color-wifi-de-24g-vista-en-vivo-y-almacenaje-en-la-nube","status":"publish","type":"product","link":"https:\/\/crispbrowsing.shop\/es\/producto\/camara-de-seguridad-solar-inalambrica-para-exteriores-vigilancia-con-wifi-bateria-de-1080p-deteccion-humana-vision-nocturna-a-color-wifi-de-24g-vista-en-vivo-y-almacenaje-en-la-nube\/","title":{"rendered":"C\u00e1mara de seguridad Solar inal\u00e1mbrica para exteriores, vigilancia con WiFi, bater\u00eda de 1080P, detecci\u00f3n humana, visi\u00f3n nocturna a Color, WiFi de 2,4G, vista en vivo y almacenaje en la nube"},"content":{"rendered":"<p><img fetchpriority=\"high\" decoding=\"async\" class=\"aligncenter\" src=\"https:\/\/crispbrowsing.shop\/wp-content\/uploads\/2026\/01\/b2e475ff-7599-43a2-b324-ec9e15784171.__CR001500928_PT0_SX970_V1.jpg\" sizes=\"(max-width: 800px) 100vw, 800px\" srcset=\"https:\/\/crispbrowsing.shop\/wp-content\/uploads\/2026\/01\/b2e475ff-7599-43a2-b324-ec9e15784171.__CR001500928_PT0_SX970_V1.jpg 970w, https:\/\/crispbrowsing.shop\/wp-content\/uploads\/2026\/01\/b2e475ff-7599-43a2-b324-ec9e15784171.__CR001500928_PT0_SX970_V1___-300x186.jpg 300w, https:\/\/crispbrowsing.shop\/wp-content\/uploads\/2026\/01\/b2e475ff-7599-43a2-b324-ec9e15784171.__CR001500928_PT0_SX970_V1___-768x475.jpg 768w, https:\/\/crispbrowsing.shop\/wp-content\/uploads\/2026\/01\/b2e475ff-7599-43a2-b324-ec9e15784171.__CR001500928_PT0_SX970_V1___-600x371.jpg 600w\" alt=\"\" width=\"800\" height=\"495\" \/><br \/>\n<img decoding=\"async\" class=\"aligncenter\" src=\"https:\/\/crispbrowsing.shop\/wp-content\/uploads\/2026\/01\/5a02ffb6-bda2-4e55-92d6-9c6b908cfc71.__CR001500928_PT0_SX970_V1___-1.jpg\" sizes=\"(max-width: 800px) 100vw, 800px\" srcset=\"https:\/\/crispbrowsing.shop\/wp-content\/uploads\/2026\/01\/5a02ffb6-bda2-4e55-92d6-9c6b908cfc71.__CR001500928_PT0_SX970_V1___-1.jpg 970w, https:\/\/crispbrowsing.shop\/wp-content\/uploads\/2026\/01\/5a02ffb6-bda2-4e55-92d6-9c6b908cfc71.__CR001500928_PT0_SX970_V1___-1-300x186_1.jpg 300w, https:\/\/crispbrowsing.shop\/wp-content\/uploads\/2026\/01\/5a02ffb6-bda2-4e55-92d6-9c6b908cfc71.__CR001500928_PT0_SX970_V1___-1-768x475_1.jpg 768w, https:\/\/crispbrowsing.shop\/wp-content\/uploads\/2026\/01\/5a02ffb6-bda2-4e55-92d6-9c6b908cfc71.__CR001500928_PT0_SX970_V1___-1-600x371_1.jpg 600w\" alt=\"\" width=\"800\" height=\"495\" \/><br \/>\n<img decoding=\"async\" class=\"aligncenter\" src=\"https:\/\/crispbrowsing.shop\/wp-content\/uploads\/2026\/01\/98e447a1-2d61-48db-996b-275e53201a6d.__CR001500928_PT0_SX970_V1.jpg\" sizes=\"(max-width: 800px) 100vw, 800px\" srcset=\"https:\/\/crispbrowsing.shop\/wp-content\/uploads\/2026\/01\/98e447a1-2d61-48db-996b-275e53201a6d.__CR001500928_PT0_SX970_V1.jpg 970w, https:\/\/crispbrowsing.shop\/wp-content\/uploads\/2026\/01\/98e447a1-2d61-48db-996b-275e53201a6d.__CR001500928_PT0_SX970_V1___-300x186.jpg 300w, https:\/\/crispbrowsing.shop\/wp-content\/uploads\/2026\/01\/98e447a1-2d61-48db-996b-275e53201a6d.__CR001500928_PT0_SX970_V1___-768x475.jpg 768w, https:\/\/crispbrowsing.shop\/wp-content\/uploads\/2026\/01\/98e447a1-2d61-48db-996b-275e53201a6d.__CR001500928_PT0_SX970_V1___-600x371.jpg 600w\" alt=\"\" width=\"800\" height=\"495\" \/><br \/>\n<img loading=\"lazy\" decoding=\"async\" class=\"aligncenter\" src=\"https:\/\/crispbrowsing.shop\/wp-content\/uploads\/2026\/01\/986a9d52-cd0b-41ad-926b-e3bcc48ff426.__CR00970600_PT0_SX970_V1___-1.jpg\" sizes=\"(max-width: 800px) 100vw, 800px\" srcset=\"https:\/\/crispbrowsing.shop\/wp-content\/uploads\/2026\/01\/986a9d52-cd0b-41ad-926b-e3bcc48ff426.__CR00970600_PT0_SX970_V1___-1.jpg 970w, https:\/\/crispbrowsing.shop\/wp-content\/uploads\/2026\/01\/986a9d52-cd0b-41ad-926b-e3bcc48ff426.__CR00970600_PT0_SX970_V1___-1-300x186_1.jpg 300w, https:\/\/crispbrowsing.shop\/wp-content\/uploads\/2026\/01\/986a9d52-cd0b-41ad-926b-e3bcc48ff426.__CR00970600_PT0_SX970_V1___-1-768x475_1.jpg 768w, https:\/\/crispbrowsing.shop\/wp-content\/uploads\/2026\/01\/986a9d52-cd0b-41ad-926b-e3bcc48ff426.__CR00970600_PT0_SX970_V1___-1-600x371_1.jpg 600w\" alt=\"\" width=\"800\" height=\"495\" \/><\/p>\n<ul>\n<li>Almacenamiento en la nube cifrado (se vende por separado): almacena sus grabaciones de forma segura en un servicio de almacenamiento en la nube con cifrado AES de 128 bits para acceder a ellas y compartirlas de forma remota. (No compatible con tarjetas SD).<\/li>\n<li>Compatibilidad exclusiva con Wi-Fi de 2,4 GHz: Se conecta \u00fanicamente a redes Wi-Fi de 2,4 GHz para mayor estabilidad (no es compatible con 5 GHz).<\/li>\n<li>Alertas de movimiento mejoradas con IA: Recibe solo las alertas relevantes gracias a la detecci\u00f3n de movimiento inteligente con inteligencia artificial.<\/li>\n<li>Audio bidireccional sin interrupciones: Comun\u00edcate con claridad con visitantes, repartidores o familiares en cualquier momento.<\/li>\n<li>V\u00eddeo n\u00edtido de 1080p y visi\u00f3n nocturna: Ofrece resoluci\u00f3n Full HD n\u00edtida y visi\u00f3n nocturna mejorada para protecci\u00f3n las 24 horas del d\u00eda, los 7 d\u00edas de la semana.<\/li>\n<li>Alimentaci\u00f3n solar con bater\u00eda de alta capacidad: Funciona con una bater\u00eda de 5200 mAh y un panel solar, lo que garantiza un suministro de energ\u00eda constante.<\/li>\n<li>Monitoreo de \u00e1rea completa: Ofrece un giro horizontal de 355\u00b0 y una inclinaci\u00f3n vertical de 90\u00b0 para una m\u00e1xima cobertura de vigilancia, sin dejar ning\u00fan \u00e1rea sin supervisi\u00f3n.<\/li>\n<\/ul>","protected":false},"excerpt":{"rendered":"<p>Almacenamiento en la nube cifrado (se vende por separado): almacene sus grabaciones de forma segura en un servicio de almacenamiento en la nube con cifrado AES de 128 bits para acceder a ellas y compartirlas de forma remota. (No compatible con tarjetas SD). Compatibilidad exclusiva con Wi-Fi de 2.4 GHz: Se conecta \u00fanicamente a redes [&hellip;]<\/p>","protected":false},"featured_media":2581,"comment_status":"open","ping_status":"closed","template":"","meta":{"_acf_changed":false},"product_brand":[],"product_cat":[41],"product_tag":[],"class_list":{"0":"post-2580","1":"product","2":"type-product","3":"status-publish","4":"has-post-thumbnail","6":"product_cat-home-living","8":"first","9":"instock","10":"sale","11":"shipping-taxable","12":"purchasable","13":"product-type-simple"},"acf":[],"_links":{"self":[{"href":"https:\/\/crispbrowsing.shop\/es\/wp-json\/wp\/v2\/product\/2580","targetHints":{"allow":["GET"]}}],"collection":[{"href":"https:\/\/crispbrowsing.shop\/es\/wp-json\/wp\/v2\/product"}],"about":[{"href":"https:\/\/crispbrowsing.shop\/es\/wp-json\/wp\/v2\/types\/product"}],"replies":[{"embeddable":true,"href":"https:\/\/crispbrowsing.shop\/es\/wp-json\/wp\/v2\/comments?post=2580"}],"version-history":[{"count":2,"href":"https:\/\/crispbrowsing.shop\/es\/wp-json\/wp\/v2\/product\/2580\/revisions"}],"predecessor-version":[{"id":2605,"href":"https:\/\/crispbrowsing.shop\/es\/wp-json\/wp\/v2\/product\/2580\/revisions\/2605"}],"wp:featuredmedia":[{"embeddable":true,"href":"https:\/\/crispbrowsing.shop\/es\/wp-json\/wp\/v2\/media\/2581"}],"wp:attachment":[{"href":"https:\/\/crispbrowsing.shop\/es\/wp-json\/wp\/v2\/media?parent=2580"}],"wp:term":[{"taxonomy":"product_brand","embeddable":true,"href":"https:\/\/crispbrowsing.shop\/es\/wp-json\/wp\/v2\/product_brand?post=2580"},{"taxonomy":"product_cat","embeddable":true,"href":"https:\/\/crispbrowsing.shop\/es\/wp-json\/wp\/v2\/product_cat?post=2580"},{"taxonomy":"product_tag","embeddable":true,"href":"https:\/\/crispbrowsing.shop\/es\/wp-json\/wp\/v2\/product_tag?post=2580"}],"curies":[{"name":"wp","href":"https:\/\/api.w.org\/{rel}","templated":true}]}}