{"id":2607,"date":"2026-01-19T07:18:03","date_gmt":"2026-01-19T07:18:03","guid":{"rendered":"https:\/\/crispbrowsing.shop\/?post_type=product&#038;p=2607"},"modified":"2026-01-20T11:29:22","modified_gmt":"2026-01-20T11:29:22","slug":"aigostar-freidora-1000w-ventana-maxivision-1-5l-gran-ventana-transparente-y-temperatura-ajustable-acero-inoxidable-de-tipo-304","status":"publish","type":"product","link":"https:\/\/crispbrowsing.shop\/es\/producto\/aigostar-freidora-1000w-ventana-maxivision-1-5l-gran-ventana-transparente-y-temperatura-ajustable-acero-inoxidable-de-tipo-304\/","title":{"rendered":"AIGOSTAR Freidora 1000W | Ventana MaxiVision +1.5L | Gran Ventana Transparente y Temperatura Ajustable | Acero inoxidable de Tipo 304"},"content":{"rendered":"<p><img fetchpriority=\"high\" decoding=\"async\" class=\"aligncenter\" src=\"https:\/\/crispbrowsing.shop\/wp-content\/uploads\/2026\/01\/2-49-1024x1024.png\" sizes=\"(max-width: 800px) 100vw, 800px\" srcset=\"https:\/\/crispbrowsing.shop\/wp-content\/uploads\/2026\/01\/2-49-1024x1024.png 1024w, https:\/\/crispbrowsing.shop\/wp-content\/uploads\/2026\/01\/2-49-300x300.png 300w, https:\/\/crispbrowsing.shop\/wp-content\/uploads\/2026\/01\/2-49-150x150.png 150w, https:\/\/crispbrowsing.shop\/wp-content\/uploads\/2026\/01\/2-49-768x768.png 768w, https:\/\/crispbrowsing.shop\/wp-content\/uploads\/2026\/01\/2-49-1536x1536.png 1536w, https:\/\/crispbrowsing.shop\/wp-content\/uploads\/2026\/01\/2-49-600x600.png 600w, https:\/\/crispbrowsing.shop\/wp-content\/uploads\/2026\/01\/2-49-100x100.png 100w, https:\/\/crispbrowsing.shop\/wp-content\/uploads\/2026\/01\/2-49-50x50.png 50w, https:\/\/crispbrowsing.shop\/wp-content\/uploads\/2026\/01\/2-49.png 2048w\" alt=\"\" width=\"800\" height=\"800\" \/><br \/>\n<img decoding=\"async\" class=\"aligncenter\" src=\"https:\/\/crispbrowsing.shop\/wp-content\/uploads\/2026\/01\/71wAXowL-iL._AC_SL1500_-1-1024x870.jpg\" sizes=\"(max-width: 800px) 100vw, 800px\" srcset=\"https:\/\/crispbrowsing.shop\/wp-content\/uploads\/2026\/01\/71wAXowL-iL._AC_SL1500_-1-1024x870.jpg 1024w, https:\/\/crispbrowsing.shop\/wp-content\/uploads\/2026\/01\/71wAXowL-iL._AC_SL1500_-1-300x255.jpg 300w, https:\/\/crispbrowsing.shop\/wp-content\/uploads\/2026\/01\/71wAXowL-iL._AC_SL1500_-1-768x652.jpg 768w, https:\/\/crispbrowsing.shop\/wp-content\/uploads\/2026\/01\/71wAXowL-iL._AC_SL1500_-1-600x510.jpg 600w, https:\/\/crispbrowsing.shop\/wp-content\/uploads\/2026\/01\/71wAXowL-iL._AC_SL1500_-1.jpg 1500w\" alt=\"\" width=\"800\" height=\"680\" \/><br \/>\n<img decoding=\"async\" class=\"aligncenter\" src=\"https:\/\/crispbrowsing.shop\/wp-content\/uploads\/2026\/01\/81a1k5rR5L._AC_SL1500_-1024x1024.jpg\" sizes=\"(max-width: 800px) 100vw, 800px\" srcset=\"https:\/\/crispbrowsing.shop\/wp-content\/uploads\/2026\/01\/81a1k5rR5L._AC_SL1500_-1024x1024.jpg 1024w, https:\/\/crispbrowsing.shop\/wp-content\/uploads\/2026\/01\/81a1k5rR5L._AC_SL1500_-300x300.jpg 300w, https:\/\/crispbrowsing.shop\/wp-content\/uploads\/2026\/01\/81a1k5rR5L._AC_SL1500_-150x150.jpg 150w, https:\/\/crispbrowsing.shop\/wp-content\/uploads\/2026\/01\/81a1k5rR5L._AC_SL1500_-768x768.jpg 768w, https:\/\/crispbrowsing.shop\/wp-content\/uploads\/2026\/01\/81a1k5rR5L._AC_SL1500_-600x600.jpg 600w, https:\/\/crispbrowsing.shop\/wp-content\/uploads\/2026\/01\/81a1k5rR5L._AC_SL1500_-100x100.jpg 100w, https:\/\/crispbrowsing.shop\/wp-content\/uploads\/2026\/01\/81a1k5rR5L._AC_SL1500_-50x50.jpg 50w, https:\/\/crispbrowsing.shop\/wp-content\/uploads\/2026\/01\/81a1k5rR5L._AC_SL1500.jpg 1500w\" alt=\"\" width=\"800\" height=\"800\" \/><br \/>\nLa freidora el\u00e9ctrica AIGOSTAR es la soluci\u00f3n perfecta para quienes buscan combinar sabor, practicidad y seguridad en sus momentos de cocina. Dise\u00f1ada con especificaciones de alta calidad, esta freidora se adapta a las necesidades de hogares modernos, convirtiendo recetas simples en platos deliciosos con m\u00ednimo esfuerzo. Equipada con un motor de 1000W, alcanza temperaturas \u00f3ptimas en muy poco tiempo, reduciendo significativamente el tiempo de cocci\u00f3n.<\/p>","protected":false},"excerpt":{"rendered":"<p>La freidora el\u00e9ctrica AIGOSTAR es la soluci\u00f3n perfecta para quienes buscan combinar sabor, practicidad y seguridad en sus momentos de cocina. Dise\u00f1ada con especificaciones de alta calidad, esta freidora se adapta a las necesidades de hogares modernos, convirtiendo recetas simples en platos deliciosos con m\u00ednimo esfuerzo. Equipada con un motor de 1000W, alcanza temperaturas \u00f3ptimas [&hellip;]<\/p>","protected":false},"featured_media":2608,"comment_status":"open","ping_status":"closed","template":"","meta":{"_acf_changed":false},"product_brand":[],"product_cat":[41],"product_tag":[],"class_list":{"0":"post-2607","1":"product","2":"type-product","3":"status-publish","4":"has-post-thumbnail","6":"product_cat-home-living","8":"first","9":"instock","10":"sale","11":"shipping-taxable","12":"purchasable","13":"product-type-simple"},"acf":[],"_links":{"self":[{"href":"https:\/\/crispbrowsing.shop\/es\/wp-json\/wp\/v2\/product\/2607","targetHints":{"allow":["GET"]}}],"collection":[{"href":"https:\/\/crispbrowsing.shop\/es\/wp-json\/wp\/v2\/product"}],"about":[{"href":"https:\/\/crispbrowsing.shop\/es\/wp-json\/wp\/v2\/types\/product"}],"replies":[{"embeddable":true,"href":"https:\/\/crispbrowsing.shop\/es\/wp-json\/wp\/v2\/comments?post=2607"}],"version-history":[{"count":2,"href":"https:\/\/crispbrowsing.shop\/es\/wp-json\/wp\/v2\/product\/2607\/revisions"}],"predecessor-version":[{"id":2635,"href":"https:\/\/crispbrowsing.shop\/es\/wp-json\/wp\/v2\/product\/2607\/revisions\/2635"}],"wp:featuredmedia":[{"embeddable":true,"href":"https:\/\/crispbrowsing.shop\/es\/wp-json\/wp\/v2\/media\/2608"}],"wp:attachment":[{"href":"https:\/\/crispbrowsing.shop\/es\/wp-json\/wp\/v2\/media?parent=2607"}],"wp:term":[{"taxonomy":"product_brand","embeddable":true,"href":"https:\/\/crispbrowsing.shop\/es\/wp-json\/wp\/v2\/product_brand?post=2607"},{"taxonomy":"product_cat","embeddable":true,"href":"https:\/\/crispbrowsing.shop\/es\/wp-json\/wp\/v2\/product_cat?post=2607"},{"taxonomy":"product_tag","embeddable":true,"href":"https:\/\/crispbrowsing.shop\/es\/wp-json\/wp\/v2\/product_tag?post=2607"}],"curies":[{"name":"wp","href":"https:\/\/api.w.org\/{rel}","templated":true}]}}