{"id":3000,"date":"2026-03-13T01:34:38","date_gmt":"2026-03-13T01:34:38","guid":{"rendered":"https:\/\/crispbrowsing.shop\/?post_type=product&#038;p=3000"},"modified":"2026-03-15T12:32:10","modified_gmt":"2026-03-15T12:32:10","slug":"san-ignacio-set-3-sartenes-revestimiento-en-marmol-o16-20-24-cm","status":"publish","type":"product","link":"https:\/\/crispbrowsing.shop\/es\/producto\/san-ignacio-set-3-sartenes-revestimiento-en-marmol-o16-20-24-cm\/","title":{"rendered":"San Ignacio Set 3 sartenes revestimiento en m\u00e1rmol \u00d816\/20\/24 cm"},"content":{"rendered":"<div data-elementor-type=\"product-post\" data-elementor-id=\"3000\" class=\"elementor elementor-3000\" data-elementor-post-type=\"product\">\n\t\t\t\t<div class=\"elementor-element elementor-element-3baf8bad e-flex e-con-boxed e-con e-parent\" data-id=\"3baf8bad\" data-element_type=\"container\" data-settings=\"{&quot;ekit_has_onepagescroll_dot&quot;:&quot;yes&quot;}\">\n\t\t\t\t\t<div class=\"e-con-inner\">\n\t\t\t\t<div class=\"elementor-element elementor-element-473b4a8e elementor-widget elementor-widget-image\" data-id=\"473b4a8e\" data-element_type=\"widget\" data-settings=\"{&quot;ekit_we_effect_on&quot;:&quot;none&quot;}\" data-widget_type=\"image.default\">\n\t\t\t\t<div class=\"elementor-widget-container\">\n\t\t\t\t\t\t\t\t\t\t\t\t\t\t\t<img fetchpriority=\"high\" decoding=\"async\" width=\"970\" height=\"300\" src=\"https:\/\/crispbrowsing.shop\/wp-content\/uploads\/2026\/03\/b79c3cc0-15d9-400a-9faa-642b0bed3197._SR970300_.jpg\" class=\"attachment-full size-full wp-image-3011 wvs-archive-product-image\" alt=\"\" srcset=\"https:\/\/crispbrowsing.shop\/wp-content\/uploads\/2026\/03\/b79c3cc0-15d9-400a-9faa-642b0bed3197._SR970300_.jpg 970w, https:\/\/crispbrowsing.shop\/wp-content\/uploads\/2026\/03\/b79c3cc0-15d9-400a-9faa-642b0bed3197._SR970300_-300x93.jpg 300w, https:\/\/crispbrowsing.shop\/wp-content\/uploads\/2026\/03\/b79c3cc0-15d9-400a-9faa-642b0bed3197._SR970300_-768x238.jpg 768w, https:\/\/crispbrowsing.shop\/wp-content\/uploads\/2026\/03\/b79c3cc0-15d9-400a-9faa-642b0bed3197._SR970300_-18x6.jpg 18w, https:\/\/crispbrowsing.shop\/wp-content\/uploads\/2026\/03\/b79c3cc0-15d9-400a-9faa-642b0bed3197._SR970300_-600x186.jpg 600w\" sizes=\"(max-width: 970px) 100vw, 970px\" \/>\t\t\t\t\t\t\t\t\t\t\t\t\t\t\t<\/div>\n\t\t\t\t<\/div>\n\t\t<div class=\"elementor-element elementor-element-4dad5047 e-grid e-con-full e-con e-child\" data-id=\"4dad5047\" data-element_type=\"container\" data-settings=\"{&quot;ekit_has_onepagescroll_dot&quot;:&quot;yes&quot;}\">\n\t\t\t\t<div class=\"elementor-element elementor-element-4409371f elementor-widget elementor-widget-image\" data-id=\"4409371f\" data-element_type=\"widget\" data-settings=\"{&quot;ekit_we_effect_on&quot;:&quot;none&quot;}\" data-widget_type=\"image.default\">\n\t\t\t\t<div class=\"elementor-widget-container\">\n\t\t\t\t\t\t\t\t\t\t\t\t\t\t\t<img decoding=\"async\" width=\"1500\" height=\"1500\" src=\"https:\/\/crispbrowsing.shop\/wp-content\/uploads\/2026\/03\/91Qmv-xtQL._AC_SL1500_.jpg\" class=\"attachment-full size-full wp-image-3012 wvs-archive-product-image\" alt=\"\" srcset=\"https:\/\/crispbrowsing.shop\/wp-content\/uploads\/2026\/03\/91Qmv-xtQL._AC_SL1500_.jpg 1500w, https:\/\/crispbrowsing.shop\/wp-content\/uploads\/2026\/03\/91Qmv-xtQL._AC_SL1500_-300x300.jpg 300w, https:\/\/crispbrowsing.shop\/wp-content\/uploads\/2026\/03\/91Qmv-xtQL._AC_SL1500_-1024x1024.jpg 1024w, https:\/\/crispbrowsing.shop\/wp-content\/uploads\/2026\/03\/91Qmv-xtQL._AC_SL1500_-150x150.jpg 150w, https:\/\/crispbrowsing.shop\/wp-content\/uploads\/2026\/03\/91Qmv-xtQL._AC_SL1500_-768x768.jpg 768w, https:\/\/crispbrowsing.shop\/wp-content\/uploads\/2026\/03\/91Qmv-xtQL._AC_SL1500_-12x12.jpg 12w, https:\/\/crispbrowsing.shop\/wp-content\/uploads\/2026\/03\/91Qmv-xtQL._AC_SL1500_-600x600.jpg 600w, https:\/\/crispbrowsing.shop\/wp-content\/uploads\/2026\/03\/91Qmv-xtQL._AC_SL1500_-100x100.jpg 100w, https:\/\/crispbrowsing.shop\/wp-content\/uploads\/2026\/03\/91Qmv-xtQL._AC_SL1500_-50x50.jpg 50w\" sizes=\"(max-width: 1500px) 100vw, 1500px\" \/>\t\t\t\t\t\t\t\t\t\t\t\t\t\t\t<\/div>\n\t\t\t\t<\/div>\n\t\t\t\t<div class=\"elementor-element elementor-element-6ecca19f elementor-widget elementor-widget-image\" data-id=\"6ecca19f\" data-element_type=\"widget\" data-settings=\"{&quot;ekit_we_effect_on&quot;:&quot;none&quot;}\" data-widget_type=\"image.default\">\n\t\t\t\t<div class=\"elementor-widget-container\">\n\t\t\t\t\t\t\t\t\t\t\t\t\t\t\t<img decoding=\"async\" width=\"1500\" height=\"1500\" src=\"https:\/\/crispbrowsing.shop\/wp-content\/uploads\/2026\/03\/916RC6wOAxL._AC_SL1500_.jpg\" class=\"attachment-full size-full wp-image-3013 wvs-archive-product-image\" alt=\"\" srcset=\"https:\/\/crispbrowsing.shop\/wp-content\/uploads\/2026\/03\/916RC6wOAxL._AC_SL1500_.jpg 1500w, https:\/\/crispbrowsing.shop\/wp-content\/uploads\/2026\/03\/916RC6wOAxL._AC_SL1500_-300x300.jpg 300w, https:\/\/crispbrowsing.shop\/wp-content\/uploads\/2026\/03\/916RC6wOAxL._AC_SL1500_-1024x1024.jpg 1024w, https:\/\/crispbrowsing.shop\/wp-content\/uploads\/2026\/03\/916RC6wOAxL._AC_SL1500_-150x150.jpg 150w, https:\/\/crispbrowsing.shop\/wp-content\/uploads\/2026\/03\/916RC6wOAxL._AC_SL1500_-768x768.jpg 768w, https:\/\/crispbrowsing.shop\/wp-content\/uploads\/2026\/03\/916RC6wOAxL._AC_SL1500_-12x12.jpg 12w, https:\/\/crispbrowsing.shop\/wp-content\/uploads\/2026\/03\/916RC6wOAxL._AC_SL1500_-600x600.jpg 600w, https:\/\/crispbrowsing.shop\/wp-content\/uploads\/2026\/03\/916RC6wOAxL._AC_SL1500_-100x100.jpg 100w, https:\/\/crispbrowsing.shop\/wp-content\/uploads\/2026\/03\/916RC6wOAxL._AC_SL1500_-50x50.jpg 50w\" sizes=\"(max-width: 1500px) 100vw, 1500px\" \/>\t\t\t\t\t\t\t\t\t\t\t\t\t\t\t<\/div>\n\t\t\t\t<\/div>\n\t\t\t\t<\/div>\n\t\t\t\t<div class=\"elementor-element elementor-element-7ae24903 elementor-widget elementor-widget-text-editor\" data-id=\"7ae24903\" data-element_type=\"widget\" data-settings=\"{&quot;ekit_we_effect_on&quot;:&quot;none&quot;}\" data-widget_type=\"text-editor.default\">\n\t\t\t\t<div class=\"elementor-widget-container\">\n\t\t\t\t\t\t\t\t\t<h3 style=\"text-align: center;\"><span class=\"a-list-item\">Pack de 3 sartenes + utensilio multiusos con 4 moldes<\/span><\/h3><h3 style=\"text-align: center;\"><span class=\"a-list-item\">El juego de sartenes est\u00e1 fabricado en aluminio prensado con revestimiento de m\u00e1rmol.<\/span><\/h3><h3 style=\"text-align: center;\"><span class=\"a-list-item\">Exterior rojo e interior negro moteado. Con asa de baquelita en negro.<\/span><\/h3><h3 style=\"text-align: center;\"><span class=\"a-list-item\">El utensilio es perfecto para formar desde croquetas hasta bu\u00f1uelos, de forma r\u00e1pida y sencilla.<\/span><\/h3><h3 style=\"text-align: center;\"><span class=\"a-list-item\">Es f\u00e1cil de usar, c\u00f3moda y ligera. Incluye 4 moldes. Los accesorios tienen orificios de salida de aire para favorecer la no adherencia de la masa. Apto para lavavajillas.<\/span><\/h3>\t\t\t\t\t\t\t\t<\/div>\n\t\t\t\t<\/div>\n\t\t<div class=\"elementor-element elementor-element-104fa781 e-grid e-con-full e-con e-child\" data-id=\"104fa781\" data-element_type=\"container\" data-settings=\"{&quot;ekit_has_onepagescroll_dot&quot;:&quot;yes&quot;}\">\n\t\t\t\t<div class=\"elementor-element elementor-element-255ea75d elementor-widget elementor-widget-image\" data-id=\"255ea75d\" data-element_type=\"widget\" data-settings=\"{&quot;ekit_we_effect_on&quot;:&quot;none&quot;}\" data-widget_type=\"image.default\">\n\t\t\t\t<div class=\"elementor-widget-container\">\n\t\t\t\t\t\t\t\t\t\t\t\t\t\t\t<img loading=\"lazy\" decoding=\"async\" width=\"1500\" height=\"1500\" src=\"https:\/\/crispbrowsing.shop\/wp-content\/uploads\/2026\/03\/91muKffr0sL._AC_SL1500_.jpg\" class=\"attachment-full size-full wp-image-3014 wvs-archive-product-image\" alt=\"\" srcset=\"https:\/\/crispbrowsing.shop\/wp-content\/uploads\/2026\/03\/91muKffr0sL._AC_SL1500_.jpg 1500w, https:\/\/crispbrowsing.shop\/wp-content\/uploads\/2026\/03\/91muKffr0sL._AC_SL1500_-300x300.jpg 300w, https:\/\/crispbrowsing.shop\/wp-content\/uploads\/2026\/03\/91muKffr0sL._AC_SL1500_-1024x1024.jpg 1024w, https:\/\/crispbrowsing.shop\/wp-content\/uploads\/2026\/03\/91muKffr0sL._AC_SL1500_-150x150.jpg 150w, https:\/\/crispbrowsing.shop\/wp-content\/uploads\/2026\/03\/91muKffr0sL._AC_SL1500_-768x768.jpg 768w, https:\/\/crispbrowsing.shop\/wp-content\/uploads\/2026\/03\/91muKffr0sL._AC_SL1500_-12x12.jpg 12w, https:\/\/crispbrowsing.shop\/wp-content\/uploads\/2026\/03\/91muKffr0sL._AC_SL1500_-600x600.jpg 600w, https:\/\/crispbrowsing.shop\/wp-content\/uploads\/2026\/03\/91muKffr0sL._AC_SL1500_-100x100.jpg 100w, https:\/\/crispbrowsing.shop\/wp-content\/uploads\/2026\/03\/91muKffr0sL._AC_SL1500_-50x50.jpg 50w\" sizes=\"(max-width: 1500px) 100vw, 1500px\" \/>\t\t\t\t\t\t\t\t\t\t\t\t\t\t\t<\/div>\n\t\t\t\t<\/div>\n\t\t\t\t<div class=\"elementor-element elementor-element-2fb113b1 elementor-widget elementor-widget-text-editor\" data-id=\"2fb113b1\" data-element_type=\"widget\" data-settings=\"{&quot;ekit_we_effect_on&quot;:&quot;none&quot;}\" data-widget_type=\"text-editor.default\">\n\t\t\t\t<div class=\"elementor-widget-container\">\n\t\t\t\t\t\t\t\t\t<h3 style=\"text-align: center;\">\u00a1Descubre la revoluci\u00f3n en tu cocina con nuestra exclusiva colecci\u00f3n de sartenes antiadherentes de alta calidad! Fabricadas con tecnolog\u00eda de vanguardia, estas sartenes combinan un dise\u00f1o moderno en color rojo vibrante con un rendimiento incomparable que transformar\u00e1 cada momento de cocci\u00f3n en una experiencia placentera y sin complicaciones. Su revestimiento antiadherente de \u00faltima generaci\u00f3n, libre de PFOA, garantiza que tus platos se deslicen con facilidad, evitando que se peguen y facilitando una limpieza ultrarr\u00e1pida: solo con un pa\u00f1o h\u00famedo o un lavado suave en el fregadero, quedar\u00e1n como nuevos. La base de inducci\u00f3n de triple capa se adapta a cualquier tipo de cocina, incluyendo vitrocer\u00e1mica, gas e inducci\u00f3n, distribuyendo el calor de manera uniforme y constante para que tus guisos, huevos, filetes y cremas queden cocidos a la perfecci\u00f3n, sin puntos calientes ni zonas sin cocinar.<\/h3>\t\t\t\t\t\t\t\t<\/div>\n\t\t\t\t<\/div>\n\t\t\t\t<\/div>\n\t\t<div class=\"elementor-element elementor-element-273701df e-grid e-con-full e-con e-child\" data-id=\"273701df\" data-element_type=\"container\" data-settings=\"{&quot;ekit_has_onepagescroll_dot&quot;:&quot;yes&quot;}\">\n\t\t\t\t<div class=\"elementor-element elementor-element-42e1a2bb elementor-widget elementor-widget-image\" data-id=\"42e1a2bb\" data-element_type=\"widget\" data-settings=\"{&quot;ekit_we_effect_on&quot;:&quot;none&quot;}\" data-widget_type=\"image.default\">\n\t\t\t\t<div class=\"elementor-widget-container\">\n\t\t\t\t\t\t\t\t\t\t\t\t\t\t\t<img loading=\"lazy\" decoding=\"async\" width=\"1500\" height=\"1500\" src=\"https:\/\/crispbrowsing.shop\/wp-content\/uploads\/2026\/03\/81K0o3TTVdL._AC_SL1500_.jpg\" class=\"attachment-full size-full wp-image-3015 wvs-archive-product-image\" alt=\"\" srcset=\"https:\/\/crispbrowsing.shop\/wp-content\/uploads\/2026\/03\/81K0o3TTVdL._AC_SL1500_.jpg 1500w, https:\/\/crispbrowsing.shop\/wp-content\/uploads\/2026\/03\/81K0o3TTVdL._AC_SL1500_-300x300.jpg 300w, https:\/\/crispbrowsing.shop\/wp-content\/uploads\/2026\/03\/81K0o3TTVdL._AC_SL1500_-1024x1024.jpg 1024w, https:\/\/crispbrowsing.shop\/wp-content\/uploads\/2026\/03\/81K0o3TTVdL._AC_SL1500_-150x150.jpg 150w, https:\/\/crispbrowsing.shop\/wp-content\/uploads\/2026\/03\/81K0o3TTVdL._AC_SL1500_-768x768.jpg 768w, https:\/\/crispbrowsing.shop\/wp-content\/uploads\/2026\/03\/81K0o3TTVdL._AC_SL1500_-12x12.jpg 12w, https:\/\/crispbrowsing.shop\/wp-content\/uploads\/2026\/03\/81K0o3TTVdL._AC_SL1500_-600x600.jpg 600w, https:\/\/crispbrowsing.shop\/wp-content\/uploads\/2026\/03\/81K0o3TTVdL._AC_SL1500_-100x100.jpg 100w, https:\/\/crispbrowsing.shop\/wp-content\/uploads\/2026\/03\/81K0o3TTVdL._AC_SL1500_-50x50.jpg 50w\" sizes=\"(max-width: 1500px) 100vw, 1500px\" \/>\t\t\t\t\t\t\t\t\t\t\t\t\t\t\t<\/div>\n\t\t\t\t<\/div>\n\t\t\t\t<div class=\"elementor-element elementor-element-67eba4bd elementor-widget elementor-widget-image\" data-id=\"67eba4bd\" data-element_type=\"widget\" data-settings=\"{&quot;ekit_we_effect_on&quot;:&quot;none&quot;}\" data-widget_type=\"image.default\">\n\t\t\t\t<div class=\"elementor-widget-container\">\n\t\t\t\t\t\t\t\t\t\t\t\t\t\t\t<img loading=\"lazy\" decoding=\"async\" width=\"1500\" height=\"1500\" src=\"https:\/\/crispbrowsing.shop\/wp-content\/uploads\/2026\/03\/919aVP7zVfL._AC_SL1500_.jpg\" class=\"attachment-full size-full wp-image-3016 wvs-archive-product-image\" alt=\"\" srcset=\"https:\/\/crispbrowsing.shop\/wp-content\/uploads\/2026\/03\/919aVP7zVfL._AC_SL1500_.jpg 1500w, https:\/\/crispbrowsing.shop\/wp-content\/uploads\/2026\/03\/919aVP7zVfL._AC_SL1500_-300x300.jpg 300w, https:\/\/crispbrowsing.shop\/wp-content\/uploads\/2026\/03\/919aVP7zVfL._AC_SL1500_-1024x1024.jpg 1024w, https:\/\/crispbrowsing.shop\/wp-content\/uploads\/2026\/03\/919aVP7zVfL._AC_SL1500_-150x150.jpg 150w, https:\/\/crispbrowsing.shop\/wp-content\/uploads\/2026\/03\/919aVP7zVfL._AC_SL1500_-768x768.jpg 768w, https:\/\/crispbrowsing.shop\/wp-content\/uploads\/2026\/03\/919aVP7zVfL._AC_SL1500_-12x12.jpg 12w, https:\/\/crispbrowsing.shop\/wp-content\/uploads\/2026\/03\/919aVP7zVfL._AC_SL1500_-600x600.jpg 600w, https:\/\/crispbrowsing.shop\/wp-content\/uploads\/2026\/03\/919aVP7zVfL._AC_SL1500_-100x100.jpg 100w, https:\/\/crispbrowsing.shop\/wp-content\/uploads\/2026\/03\/919aVP7zVfL._AC_SL1500_-50x50.jpg 50w\" sizes=\"(max-width: 1500px) 100vw, 1500px\" \/>\t\t\t\t\t\t\t\t\t\t\t\t\t\t\t<\/div>\n\t\t\t\t<\/div>\n\t\t\t\t<\/div>\n\t\t<div class=\"elementor-element elementor-element-7b69d555 e-grid e-con-full e-con e-child\" data-id=\"7b69d555\" data-element_type=\"container\" data-settings=\"{&quot;ekit_has_onepagescroll_dot&quot;:&quot;yes&quot;}\">\n\t\t\t\t<div class=\"elementor-element elementor-element-4a8e0859 elementor-widget elementor-widget-text-editor\" data-id=\"4a8e0859\" data-element_type=\"widget\" data-settings=\"{&quot;ekit_we_effect_on&quot;:&quot;none&quot;}\" data-widget_type=\"text-editor.default\">\n\t\t\t\t<div class=\"elementor-widget-container\">\n\t\t\t\t\t\t\t\t\t<h4 style=\"text-align: center;\">Descubre nuestras sartenes antiadherentes: un aliado perfecto para tu cocina. Su revestimiento libre de PFOA evita que los alimentos se peguen, y la base de triple capa distribuye el calor de forma uniforme, sin zonas calientes. El mango ergon\u00f3mico y resistente al calor te da un agarre seguro, y su dise\u00f1o ligero permite moverlas con facilidad. Ideal para cualquier tipo de cocina: gas, vitrocer\u00e1mica o inducci\u00f3n.<\/h4>\t\t\t\t\t\t\t\t<\/div>\n\t\t\t\t<\/div>\n\t\t\t\t<div class=\"elementor-element elementor-element-30d7fb9f elementor-widget elementor-widget-text-editor\" data-id=\"30d7fb9f\" data-element_type=\"widget\" data-settings=\"{&quot;ekit_we_effect_on&quot;:&quot;none&quot;}\" data-widget_type=\"text-editor.default\">\n\t\t\t\t<div class=\"elementor-widget-container\">\n\t\t\t\t\t\t\t\t\t<h4 style=\"text-align: center;\">F\u00e1ciles de limpiar y duraderas, estas sartenes son la inversi\u00f3n ideal para quienes aman cocinar. Con su acabado rojo vibrante, no solo son funcionales, sino que tambi\u00e9n a\u00f1aden un toque moderno a tu espacio. Desde huevos revueltos hasta salteados crujientes, cada plato saldr\u00e1 perfecto, sin esfuerzo. Olv\u00eddate de las sartenes que se desgastan r\u00e1pido: nuestras te acompa\u00f1ar\u00e1n durante a\u00f1os, manteniendo su rendimiento y aspecto impecables.<\/h4>\t\t\t\t\t\t\t\t<\/div>\n\t\t\t\t<\/div>\n\t\t\t\t<\/div>\n\t\t\t\t<div class=\"elementor-element elementor-element-4ed7905f elementor-widget elementor-widget-text-editor\" data-id=\"4ed7905f\" data-element_type=\"widget\" data-settings=\"{&quot;ekit_we_effect_on&quot;:&quot;none&quot;}\" data-widget_type=\"text-editor.default\">\n\t\t\t\t<div class=\"elementor-widget-container\">\n\t\t\t\t\t\t\t\t\t<!DOCTYPE html>\n<html lang=\"en\">\n<head>\n    <meta charset=\"UTF-8\">\n    <!-- \u6838\u5fc3\u9002\u914d\u6807\u7b7e\uff1a\u5df2\u5305\u542b\uff0c\u4fdd\u8bc1\u79fb\u52a8\u7aef\u6309\u8bbe\u5907\u5bbd\u5ea6\u6e32\u67d3 -->\n    <meta name=\"viewport\" content=\"width=device-width, initial-scale=1.0\">\n    <title>Product Information<\/title>\n    <style>\n        * {\n            margin: 0;\n            padding: 0;\n            box-sizing: border-box;\n            font-family: Arial, sans-serif;\n        }\n        \/* \u7236\u5bb9\u5668\uff1a\u6dfb\u52a0\u6700\u5927\u5bbd\u5ea6\u9632\u6b62\u7535\u8111\u7aef\u8fc7\u5bbd\uff0c\u6700\u5c0f\u5bbd\u5ea6\u4fdd\u8bc1\u79fb\u52a8\u7aef\u4e0d\u6324\u538b *\/\n        .product-wrap {\n            width: 100%;\n            max-width: 600px; \/* \u7535\u8111\u7aef\u6700\u5927\u5bbd\u5ea6\uff0c\u53ef\u6539\uff0c\u907f\u514d\u8868\u683c\u8fc7\u5bbd *\/\n            min-width: 300px; \/* \u79fb\u52a8\u7aef\u6700\u5c0f\u5bbd\u5ea6\uff0c\u9002\u914d\u624b\u673a\u7a84\u5c4f *\/\n            margin: 20px auto; \/* \u4e0a\u4e0b\u7559\u8ddd\uff0c\u5de6\u53f3\u5c45\u4e2d\uff0c\u53ef\u5220 *\/\n            padding: 0 15px; \/* \u79fb\u52a8\u7aef\u5de6\u53f3\u7559\u8fb9\uff0c\u907f\u514d\u8d34\u5c4f\u5e55\u8fb9\u7f18 *\/\n        }\n        .product-info {\n            width: 100%; \/* \u5173\u952e1\uff1a\u8868\u683c\u5bbd\u5ea6100%\uff0c\u81ea\u9002\u5e94\u7236\u5bb9\u5668 *\/\n            border-collapse: collapse;\n            table-layout: fixed; \/* \u5173\u952e2\uff1a\u56fa\u5b9a\u8868\u683c\u5e03\u5c40\uff0c\u9632\u6b62\u5185\u5bb9\u6324\u538b\u5217\u5bbd *\/\n        }\n        .product-info tr td {\n            padding: 8px 10px;\n            text-align: left;\n            border-bottom: 1px solid #000;\n            word-wrap: break-word; \/* \u5173\u952e3\uff1a\u8d85\u957f\u5185\u5bb9\u81ea\u52a8\u6362\u884c\uff0c\u4e0d\u6ea2\u51fa *\/\n        }\n        \/* \u5de6\u5217\u53c2\u6570\u540d\u52a0\u7c97\uff0c\u6309\u9700\u4fdd\u7559\/\u5220\u9664 *\/\n        .product-info tr td:first-child {\n            font-weight: 600;\n            width: 40%; \/* \u53ef\u9009\uff1a\u56fa\u5b9a\u5de6\u5217\u5bbd\u5ea6\u5360\u6bd4\uff0c\u5217\u5bbd\u66f4\u5747\u5300 *\/\n        }\n        .product-info tr td:last-child {\n            width: 60%; \/* \u4e0e\u5de6\u5217\u5bf9\u5e94\uff0c\u603b\u548c100% *\/\n        }\n        \/* \u6807\u9898\u884c\u6837\u5f0f *\/\n        .product-info thead td {\n            font-size: 16px;\n            font-weight: bold;\n            border-bottom: 2px solid #000;\n        }\n        \/* \u53ef\u9009\uff1a\u5c0f\u5c4f\u624b\u673a\u5fae\u8c03\u5185\u8fb9\u8ddd\uff0c\u884c\u66f4\u7d27\u51d1 *\/\n        @media (max-width: 480px) {\n            .product-info tr td {\n                padding: 6px 8px; \/* \u79fb\u52a8\u7aef\u51cf\u5c0f\u5185\u8fb9\u8ddd\uff0c\u8282\u7701\u7a7a\u95f4 *\/\n            }\n            .product-info thead td {\n                font-size: 15px; \/* \u79fb\u52a8\u7aef\u6807\u9898\u7a0d\u5c0f *\/\n            }\n        }\n    <\/style>\n<\/head>\n<body>\n    <!-- \u589e\u52a0\u7236\u5bb9\u5668\u5305\u88f9\u8868\u683c\uff0c\u65b9\u4fbf\u7edf\u4e00\u63a7\u5236\u9002\u914d -->\n    <div class=\"product-wrap\">\n        <table class=\"product-info\">\n            <thead>\n                <tr>\n                    <td colspan=\"2\">Informaci\u00f3n sobre el producto<\/td>\n                <\/tr>\n            <\/thead>\n            <tbody>\n                <tr>\n                    <td>Material<\/td>\n                    <td>Aluminio prensado \/ Pl\u00e1stico<\/td>\n                <\/tr>\n                <tr>\n                    <td>Color<\/td>\n                    <td>Azul<\/td>\n                <\/tr>\n                <tr>\n                    <td>Material del asa<\/td>\n                    <td>Aluminio<\/td>\n                <\/tr>\n                <tr>\n                    <td>Se puede lavar en el lavavajillas<\/td>\n                    <td>S\u00ed<\/td>\n                <\/tr>\n                <tr>\n                    <td>Es apto para el horno<\/td>\n                    <td>S\u00ed<\/td>\n                <\/tr>\n            <\/tbody>\n        <\/table>\n    <\/div>\n<\/body>\n<\/html>\t\t\t\t\t\t\t\t<\/div>\n\t\t\t\t<\/div>\n\t\t\t\t\t<\/div>\n\t\t\t\t<\/div>\n\t\t\t\t<\/div>","protected":false},"excerpt":{"rendered":"<p>Pack of 3 pans + multipurpose utensil with 4 moulds The pan set is made of pressed aluminium with marble coating. Red exterior and mottled black interior. With Bakelite handle in black. The utensil is perfect for forming from croquettes to fritters, in a quick and simple way. It is easy to use, comfortable and [&hellip;]<\/p>","protected":false},"featured_media":3001,"comment_status":"open","ping_status":"closed","template":"","meta":{"_acf_changed":false},"product_brand":[],"product_cat":[35],"product_tag":[],"class_list":{"0":"post-3000","1":"product","2":"type-product","3":"status-publish","4":"has-post-thumbnail","6":"product_cat-sale","8":"first","9":"instock","10":"sale","11":"shipping-taxable","12":"purchasable","13":"product-type-simple"},"acf":[],"_links":{"self":[{"href":"https:\/\/crispbrowsing.shop\/es\/wp-json\/wp\/v2\/product\/3000","targetHints":{"allow":["GET"]}}],"collection":[{"href":"https:\/\/crispbrowsing.shop\/es\/wp-json\/wp\/v2\/product"}],"about":[{"href":"https:\/\/crispbrowsing.shop\/es\/wp-json\/wp\/v2\/types\/product"}],"replies":[{"embeddable":true,"href":"https:\/\/crispbrowsing.shop\/es\/wp-json\/wp\/v2\/comments?post=3000"}],"version-history":[{"count":4,"href":"https:\/\/crispbrowsing.shop\/es\/wp-json\/wp\/v2\/product\/3000\/revisions"}],"predecessor-version":[{"id":3024,"href":"https:\/\/crispbrowsing.shop\/es\/wp-json\/wp\/v2\/product\/3000\/revisions\/3024"}],"wp:featuredmedia":[{"embeddable":true,"href":"https:\/\/crispbrowsing.shop\/es\/wp-json\/wp\/v2\/media\/3001"}],"wp:attachment":[{"href":"https:\/\/crispbrowsing.shop\/es\/wp-json\/wp\/v2\/media?parent=3000"}],"wp:term":[{"taxonomy":"product_brand","embeddable":true,"href":"https:\/\/crispbrowsing.shop\/es\/wp-json\/wp\/v2\/product_brand?post=3000"},{"taxonomy":"product_cat","embeddable":true,"href":"https:\/\/crispbrowsing.shop\/es\/wp-json\/wp\/v2\/product_cat?post=3000"},{"taxonomy":"product_tag","embeddable":true,"href":"https:\/\/crispbrowsing.shop\/es\/wp-json\/wp\/v2\/product_tag?post=3000"}],"curies":[{"name":"wp","href":"https:\/\/api.w.org\/{rel}","templated":true}]}}