{"id":3112,"date":"2026-03-23T08:10:26","date_gmt":"2026-03-23T08:10:26","guid":{"rendered":"https:\/\/crispbrowsing.shop\/?post_type=product&#038;p=3112"},"modified":"2026-03-23T08:19:28","modified_gmt":"2026-03-23T08:19:28","slug":"hervidor-de-agua-caliente-para-el-hogar-dormitorio-cocina-sala-de-estar-brumate","status":"publish","type":"product","link":"https:\/\/crispbrowsing.shop\/es\/producto\/hervidor-de-agua-caliente-para-el-hogar-dormitorio-cocina-sala-de-estar-brumate\/","title":{"rendered":"Hervidor de agua caliente para el hogar dormitorio cocina sala de estar brumate"},"content":{"rendered":"<div data-elementor-type=\"product-post\" data-elementor-id=\"3112\" class=\"elementor elementor-3112\" data-elementor-post-type=\"product\">\n\t\t\t\t<div class=\"elementor-element elementor-element-291f9a27 e-flex e-con-boxed e-con e-parent\" data-id=\"291f9a27\" data-element_type=\"container\" data-settings=\"{&quot;ekit_has_onepagescroll_dot&quot;:&quot;yes&quot;}\">\n\t\t\t\t\t<div class=\"e-con-inner\">\n\t\t\t\t<div class=\"elementor-element elementor-element-7dbe5a39 elementor-widget elementor-widget-image\" data-id=\"7dbe5a39\" data-element_type=\"widget\" data-settings=\"{&quot;ekit_we_effect_on&quot;:&quot;none&quot;}\" data-widget_type=\"image.default\">\n\t\t\t\t<div class=\"elementor-widget-container\">\n\t\t\t\t\t\t\t\t\t\t\t\t\t\t\t<img fetchpriority=\"high\" decoding=\"async\" width=\"1464\" height=\"600\" src=\"https:\/\/crispbrowsing.shop\/wp-content\/uploads\/2026\/03\/a008fdf7-b946-4d22-980b-ae20bf358d91.__CR0029281200_PT0_SX1464_V1____\u526f\u672c.jpg\" class=\"attachment-full size-full wp-image-3122 wvs-archive-product-image\" alt=\"\" srcset=\"https:\/\/crispbrowsing.shop\/wp-content\/uploads\/2026\/03\/a008fdf7-b946-4d22-980b-ae20bf358d91.__CR0029281200_PT0_SX1464_V1____\u526f\u672c.jpg 1464w, https:\/\/crispbrowsing.shop\/wp-content\/uploads\/2026\/03\/a008fdf7-b946-4d22-980b-ae20bf358d91.__CR0029281200_PT0_SX1464_V1____\u526f\u672c-300x123.jpg 300w, https:\/\/crispbrowsing.shop\/wp-content\/uploads\/2026\/03\/a008fdf7-b946-4d22-980b-ae20bf358d91.__CR0029281200_PT0_SX1464_V1____\u526f\u672c-1024x420.jpg 1024w, https:\/\/crispbrowsing.shop\/wp-content\/uploads\/2026\/03\/a008fdf7-b946-4d22-980b-ae20bf358d91.__CR0029281200_PT0_SX1464_V1____\u526f\u672c-768x315.jpg 768w, https:\/\/crispbrowsing.shop\/wp-content\/uploads\/2026\/03\/a008fdf7-b946-4d22-980b-ae20bf358d91.__CR0029281200_PT0_SX1464_V1____\u526f\u672c-18x7.jpg 18w, https:\/\/crispbrowsing.shop\/wp-content\/uploads\/2026\/03\/a008fdf7-b946-4d22-980b-ae20bf358d91.__CR0029281200_PT0_SX1464_V1____\u526f\u672c-600x246.jpg 600w\" sizes=\"(max-width: 1464px) 100vw, 1464px\" \/>\t\t\t\t\t\t\t\t\t\t\t\t\t\t\t<\/div>\n\t\t\t\t<\/div>\n\t\t\t\t<div class=\"elementor-element elementor-element-6ae0a964 elementor-widget elementor-widget-image\" data-id=\"6ae0a964\" data-element_type=\"widget\" data-settings=\"{&quot;ekit_we_effect_on&quot;:&quot;none&quot;}\" data-widget_type=\"image.default\">\n\t\t\t\t<div class=\"elementor-widget-container\">\n\t\t\t\t\t\t\t\t\t\t\t\t\t\t\t<img decoding=\"async\" width=\"1600\" height=\"899\" src=\"https:\/\/crispbrowsing.shop\/wp-content\/uploads\/2026\/03\/\u66f4\u6362\u7535\u6c34\u58f6\u56fe\u7247\u989c\u8272-1_\u526f\u672c-scaled-1.png\" class=\"attachment-full size-full wp-image-3123 wvs-archive-product-image\" alt=\"\" srcset=\"https:\/\/crispbrowsing.shop\/wp-content\/uploads\/2026\/03\/\u66f4\u6362\u7535\u6c34\u58f6\u56fe\u7247\u989c\u8272-1_\u526f\u672c-scaled-1.png 1600w, https:\/\/crispbrowsing.shop\/wp-content\/uploads\/2026\/03\/\u66f4\u6362\u7535\u6c34\u58f6\u56fe\u7247\u989c\u8272-1_\u526f\u672c-scaled-1-300x169.png 300w, https:\/\/crispbrowsing.shop\/wp-content\/uploads\/2026\/03\/\u66f4\u6362\u7535\u6c34\u58f6\u56fe\u7247\u989c\u8272-1_\u526f\u672c-scaled-1-1024x575.png 1024w, https:\/\/crispbrowsing.shop\/wp-content\/uploads\/2026\/03\/\u66f4\u6362\u7535\u6c34\u58f6\u56fe\u7247\u989c\u8272-1_\u526f\u672c-scaled-1-768x432.png 768w, https:\/\/crispbrowsing.shop\/wp-content\/uploads\/2026\/03\/\u66f4\u6362\u7535\u6c34\u58f6\u56fe\u7247\u989c\u8272-1_\u526f\u672c-scaled-1-1536x863.png 1536w, https:\/\/crispbrowsing.shop\/wp-content\/uploads\/2026\/03\/\u66f4\u6362\u7535\u6c34\u58f6\u56fe\u7247\u989c\u8272-1_\u526f\u672c-scaled-1-18x10.png 18w, https:\/\/crispbrowsing.shop\/wp-content\/uploads\/2026\/03\/\u66f4\u6362\u7535\u6c34\u58f6\u56fe\u7247\u989c\u8272-1_\u526f\u672c-scaled-1-600x337.png 600w\" sizes=\"(max-width: 1600px) 100vw, 1600px\" \/>\t\t\t\t\t\t\t\t\t\t\t\t\t\t\t<\/div>\n\t\t\t\t<\/div>\n\t\t\t\t<div class=\"elementor-element elementor-element-68cbf135 elementor-widget elementor-widget-text-editor\" data-id=\"68cbf135\" data-element_type=\"widget\" data-settings=\"{&quot;ekit_we_effect_on&quot;:&quot;none&quot;}\" data-widget_type=\"text-editor.default\">\n\t\t\t\t<div class=\"elementor-widget-container\">\n\t\t\t\t\t\t\t\t\t<h2><strong>Despi\u00e9rtese temprano con una taza de t\u00e9 y caf\u00e9 para estar de buen humor todo el d\u00eda.<\/strong><\/h2>\t\t\t\t\t\t\t\t<\/div>\n\t\t\t\t<\/div>\n\t\t\t\t<div class=\"elementor-element elementor-element-48f81f32 elementor-widget elementor-widget-image\" data-id=\"48f81f32\" data-element_type=\"widget\" data-settings=\"{&quot;ekit_we_effect_on&quot;:&quot;none&quot;}\" data-widget_type=\"image.default\">\n\t\t\t\t<div class=\"elementor-widget-container\">\n\t\t\t\t\t\t\t\t\t\t\t\t\t\t\t<img decoding=\"async\" width=\"1464\" height=\"600\" src=\"https:\/\/crispbrowsing.shop\/wp-content\/uploads\/2026\/03\/e81e3d28-ca96-4503-99b5-7eca09cd073c.__CR0029281200_PT0_SX1464_V1____\u526f\u672c.jpg\" class=\"attachment-full size-full wp-image-3125 wvs-archive-product-image\" alt=\"\" srcset=\"https:\/\/crispbrowsing.shop\/wp-content\/uploads\/2026\/03\/e81e3d28-ca96-4503-99b5-7eca09cd073c.__CR0029281200_PT0_SX1464_V1____\u526f\u672c.jpg 1464w, https:\/\/crispbrowsing.shop\/wp-content\/uploads\/2026\/03\/e81e3d28-ca96-4503-99b5-7eca09cd073c.__CR0029281200_PT0_SX1464_V1____\u526f\u672c-300x123.jpg 300w, https:\/\/crispbrowsing.shop\/wp-content\/uploads\/2026\/03\/e81e3d28-ca96-4503-99b5-7eca09cd073c.__CR0029281200_PT0_SX1464_V1____\u526f\u672c-1024x420.jpg 1024w, https:\/\/crispbrowsing.shop\/wp-content\/uploads\/2026\/03\/e81e3d28-ca96-4503-99b5-7eca09cd073c.__CR0029281200_PT0_SX1464_V1____\u526f\u672c-768x315.jpg 768w, https:\/\/crispbrowsing.shop\/wp-content\/uploads\/2026\/03\/e81e3d28-ca96-4503-99b5-7eca09cd073c.__CR0029281200_PT0_SX1464_V1____\u526f\u672c-18x7.jpg 18w, https:\/\/crispbrowsing.shop\/wp-content\/uploads\/2026\/03\/e81e3d28-ca96-4503-99b5-7eca09cd073c.__CR0029281200_PT0_SX1464_V1____\u526f\u672c-600x246.jpg 600w\" sizes=\"(max-width: 1464px) 100vw, 1464px\" \/>\t\t\t\t\t\t\t\t\t\t\t\t\t\t\t<\/div>\n\t\t\t\t<\/div>\n\t\t\t\t\t<\/div>\n\t\t\t\t<\/div>\n\t\t<div class=\"elementor-element elementor-element-7b2839ef e-flex e-con-boxed e-con e-parent\" data-id=\"7b2839ef\" data-element_type=\"container\" data-settings=\"{&quot;ekit_has_onepagescroll_dot&quot;:&quot;yes&quot;}\">\n\t\t\t\t\t<div class=\"e-con-inner\">\n\t\t\t\t<div class=\"elementor-element elementor-element-75acf47d elementor-widget elementor-widget-text-editor\" data-id=\"75acf47d\" data-element_type=\"widget\" data-settings=\"{&quot;ekit_we_effect_on&quot;:&quot;none&quot;}\" data-widget_type=\"text-editor.default\">\n\t\t\t\t<div class=\"elementor-widget-container\">\n\t\t\t\t\t\t\t\t\t<h3 class=\"a-text-center premium-module-3-heading aplus-h1 a-text-bold\">Es un verdadero ahorro de tiempo, f\u00e1cil de manejar y seguro de usar.<\/h3>\t\t\t\t\t\t\t\t<\/div>\n\t\t\t\t<\/div>\n\t\t<div class=\"elementor-element elementor-element-c9490a e-grid e-con-full e-con e-child\" data-id=\"c9490a\" data-element_type=\"container\" data-settings=\"{&quot;ekit_has_onepagescroll_dot&quot;:&quot;yes&quot;}\">\n\t\t\t\t<div class=\"elementor-element elementor-element-e44c01b elementor-position-top elementor-widget elementor-widget-image-box\" data-id=\"e44c01b\" data-element_type=\"widget\" data-settings=\"{&quot;ekit_we_effect_on&quot;:&quot;none&quot;}\" data-widget_type=\"image-box.default\">\n\t\t\t\t<div class=\"elementor-widget-container\">\n\t\t\t\t\t<div class=\"elementor-image-box-wrapper\"><figure class=\"elementor-image-box-img\"><img loading=\"lazy\" decoding=\"async\" width=\"300\" height=\"225\" src=\"https:\/\/crispbrowsing.shop\/wp-content\/uploads\/2026\/03\/d1d3c4f1-ed75-4276-8c2e-16ddcd1d0315.__CR05671267950_PT0_SX300_V1___.jpg\" class=\"attachment-full size-full wp-image-3126 wvs-archive-product-image\" alt=\"\" srcset=\"https:\/\/crispbrowsing.shop\/wp-content\/uploads\/2026\/03\/d1d3c4f1-ed75-4276-8c2e-16ddcd1d0315.__CR05671267950_PT0_SX300_V1___.jpg 300w, https:\/\/crispbrowsing.shop\/wp-content\/uploads\/2026\/03\/d1d3c4f1-ed75-4276-8c2e-16ddcd1d0315.__CR05671267950_PT0_SX300_V1___-16x12.jpg 16w\" sizes=\"(max-width: 300px) 100vw, 300px\" \/><\/figure><div class=\"elementor-image-box-content\"><p class=\"elementor-image-box-description\">Interior de acero inoxidable 304\n\nHace que sus bebidas sean saludables y m\u00e1s puras.<\/p><\/div><\/div>\t\t\t\t<\/div>\n\t\t\t\t<\/div>\n\t\t\t\t<div class=\"elementor-element elementor-element-5b0209e2 elementor-position-top elementor-widget elementor-widget-image-box\" data-id=\"5b0209e2\" data-element_type=\"widget\" data-settings=\"{&quot;ekit_we_effect_on&quot;:&quot;none&quot;}\" data-widget_type=\"image-box.default\">\n\t\t\t\t<div class=\"elementor-widget-container\">\n\t\t\t\t\t<div class=\"elementor-image-box-wrapper\"><figure class=\"elementor-image-box-img\"><img loading=\"lazy\" decoding=\"async\" width=\"300\" height=\"225\" src=\"https:\/\/crispbrowsing.shop\/wp-content\/uploads\/2026\/03\/a139ee70-63d3-48b7-9cb2-84746596dae0.__CR026315001125_PT0_SX300_V1___.jpg\" class=\"attachment-full size-full wp-image-3127 wvs-archive-product-image\" alt=\"\" srcset=\"https:\/\/crispbrowsing.shop\/wp-content\/uploads\/2026\/03\/a139ee70-63d3-48b7-9cb2-84746596dae0.__CR026315001125_PT0_SX300_V1___.jpg 300w, https:\/\/crispbrowsing.shop\/wp-content\/uploads\/2026\/03\/a139ee70-63d3-48b7-9cb2-84746596dae0.__CR026315001125_PT0_SX300_V1___-16x12.jpg 16w\" sizes=\"(max-width: 300px) 100vw, 300px\" \/><\/figure><div class=\"elementor-image-box-content\"><p class=\"elementor-image-box-description\">Interior de acero inoxidable 304\n\nHace que sus bebidas sean saludables y m\u00e1s puras.<\/p><\/div><\/div>\t\t\t\t<\/div>\n\t\t\t\t<\/div>\n\t\t\t\t<div class=\"elementor-element elementor-element-3c89bb4b elementor-position-top elementor-widget elementor-widget-image-box\" data-id=\"3c89bb4b\" data-element_type=\"widget\" data-settings=\"{&quot;ekit_we_effect_on&quot;:&quot;none&quot;}\" data-widget_type=\"image-box.default\">\n\t\t\t\t<div class=\"elementor-widget-container\">\n\t\t\t\t\t<div class=\"elementor-image-box-wrapper\"><figure class=\"elementor-image-box-img\"><img loading=\"lazy\" decoding=\"async\" width=\"300\" height=\"225\" src=\"https:\/\/crispbrowsing.shop\/wp-content\/uploads\/2026\/03\/498bdc7e-9182-4555-865c-c42efdabbad8.__CR019615001125_PT0_SX300_V1___.jpg\" class=\"attachment-full size-full wp-image-3128 wvs-archive-product-image\" alt=\"\" srcset=\"https:\/\/crispbrowsing.shop\/wp-content\/uploads\/2026\/03\/498bdc7e-9182-4555-865c-c42efdabbad8.__CR019615001125_PT0_SX300_V1___.jpg 300w, https:\/\/crispbrowsing.shop\/wp-content\/uploads\/2026\/03\/498bdc7e-9182-4555-865c-c42efdabbad8.__CR019615001125_PT0_SX300_V1___-16x12.jpg 16w\" sizes=\"(max-width: 300px) 100vw, 300px\" \/><\/figure><div class=\"elementor-image-box-content\"><p class=\"elementor-image-box-description\">Mango ergon\u00f3mico resistente\nPara verter y servir con seguridad y facilidad.<\/p><\/div><\/div>\t\t\t\t<\/div>\n\t\t\t\t<\/div>\n\t\t\t\t<div class=\"elementor-element elementor-element-54a75d52 elementor-position-top elementor-widget elementor-widget-image-box\" data-id=\"54a75d52\" data-element_type=\"widget\" data-settings=\"{&quot;ekit_we_effect_on&quot;:&quot;none&quot;}\" data-widget_type=\"image-box.default\">\n\t\t\t\t<div class=\"elementor-widget-container\">\n\t\t\t\t\t<div class=\"elementor-image-box-wrapper\"><figure class=\"elementor-image-box-img\"><img loading=\"lazy\" decoding=\"async\" width=\"300\" height=\"225\" src=\"https:\/\/crispbrowsing.shop\/wp-content\/uploads\/2026\/03\/328b6618-59ab-43aa-8d63-361b48516fe8.__CR016615001125_PT0_SX300_V1___-1.jpg\" class=\"attachment-full size-full wp-image-3129 wvs-archive-product-image\" alt=\"\" srcset=\"https:\/\/crispbrowsing.shop\/wp-content\/uploads\/2026\/03\/328b6618-59ab-43aa-8d63-361b48516fe8.__CR016615001125_PT0_SX300_V1___-1.jpg 300w, https:\/\/crispbrowsing.shop\/wp-content\/uploads\/2026\/03\/328b6618-59ab-43aa-8d63-361b48516fe8.__CR016615001125_PT0_SX300_V1___-1-16x12.jpg 16w\" sizes=\"(max-width: 300px) 100vw, 300px\" \/><\/figure><div class=\"elementor-image-box-content\"><p class=\"elementor-image-box-description\">Un bot\u00f3n para abrir la tapa\nManejo sencillo y gran \u00e1ngulo de apertura f\u00e1cil de llenar y limpiar..<\/p><\/div><\/div>\t\t\t\t<\/div>\n\t\t\t\t<\/div>\n\t\t\t\t<\/div>\n\t\t\t\t\t<\/div>\n\t\t\t\t<\/div>\n\t\t<div class=\"elementor-element elementor-element-44d3b53c e-flex e-con-boxed e-con e-parent\" data-id=\"44d3b53c\" data-element_type=\"container\" data-settings=\"{&quot;ekit_has_onepagescroll_dot&quot;:&quot;yes&quot;}\">\n\t\t\t\t\t<div class=\"e-con-inner\">\n\t\t\t\t<div class=\"elementor-element elementor-element-105271a9 elementor-widget elementor-widget-text-editor\" data-id=\"105271a9\" data-element_type=\"widget\" data-settings=\"{&quot;ekit_we_effect_on&quot;:&quot;none&quot;}\" data-widget_type=\"text-editor.default\">\n\t\t\t\t<div class=\"elementor-widget-container\">\n\t\t\t\t\t\t\t\t\t<!DOCTYPE html>\n<html>\n<head>\n    <meta charset=\"UTF-8\">\n    <meta name=\"viewport\" content=\"width=device-width, initial-scale=1.0\">\n    <style>\n        \/* \u6838\u5fc3\u6837\u5f0f\uff1a\u4fdd\u8bc1\u4e0b\u5212\u7ebf\u8d2f\u7a7f+\u4e25\u683c\u5de6\u5bf9\u9f50 *\/\n        .spec-table {\n            width: 100%; \/* \u53ef\u6539\u56fa\u5b9a\u503c\u5982700px\u9002\u914d\u5c55\u793a\u533a\u57df *\/\n            border-collapse: collapse; \/* \u4e0b\u5212\u7ebf\u65e0\u7f1d\u8d2f\u7a7f\u6574\u884c\u7684\u5173\u952e *\/\n            font-family: Arial, sans-serif;\n            font-size: 14px;\n        }\n        .spec-table tr {\n            border-bottom: 1px solid #000; \/* \u9ed1\u8272\u4e0b\u5212\u7ebf\uff0c\u53ef\u6539\u7c97\u7ec6\/\u989c\u8272 *\/\n        }\n        .spec-table td {\n            padding: 6px 0; \/* \u4ec5\u4e0a\u4e0b\u7559\u95f4\u8ddd\uff0c\u5de6\u53f3\u65e0\u5185\u8fb9\u8ddd\u4fdd\u8bc1\u7d27\u8d34\u5de6\u4fa7 *\/\n            text-align: left;\n            vertical-align: middle;\n            border: 0; \/* \u6e05\u9664\u9ed8\u8ba4\u8fb9\u6846\uff0c\u907f\u514d\u4e0b\u5212\u7ebf\u65ad\u88c2 *\/\n        }\n        \/* \u5de6\u521765%\u5bbd\u5ea6\uff1a\u9002\u914dSpecial Feature\u7b49\u8d85\u957f\u5c5e\u6027\u540d\/\u503c\uff0c\u907f\u514d\u6362\u884c *\/\n        .spec-table td:first-child {\n            font-weight: bold;\n            width: 65%;\n        }\n    <\/style>\n<\/head>\n<body>\n    <table class=\"spec-table\">\n        <tr>\n            <td>Informaci\u00f3n sobre el producto<\/td>\n            <td><\/td> <!-- \u6807\u9898\u884c\u53f3\u4fa7\u7559\u7a7a\uff0c\u4fdd\u6301\u4e24\u5217\u7ed3\u6784 -->\n        <\/tr>\n        <!-- \u5df2\u79fb\u9664Brand\u884c -->\n        <tr>\n            <td>Color<\/td>\n            <td>Blanco, Rosa<\/td> <!-- \u989c\u8272\u65b0\u589e\u7c89\u8272\uff0c\u8868\u8ff0\u66f4\u7b26\u5408\u6d77\u5916\u7535\u5546\u4e60\u60ef -->\n        <\/tr>\n        <tr>\n            <td>Reportaje especial<\/td>\n            <td>Apagado autom\u00e1tico, protecci\u00f3n contra ebullici\u00f3n en seco, doble pared, indicador luminoso<\/td>\n        <\/tr>\n        <tr>\n            <td>Informaci\u00f3n sobre el paquete<\/td>\n            <td>Hervidor<\/td>\n        <\/tr>\n        <tr>\n            <td>Tipo de acabado<\/td>\n            <td>Pulido<\/td>\n        <\/tr>\n        <tr>\n            <td>Dimensiones del producto<\/td>\n            <td>8,26\u2033L x 6\u2033A x 8,26\u2033H<\/td>\n        <\/tr>\n        <tr>\n            <td>Componentes incluidos<\/td>\n            <td>Hervidor el\u00e9ctrico, base giratoria<\/td>\n        <\/tr>\n        <tr>\n            <td>Instrucciones para el cuidado del producto<\/td>\n            <td>Lavar a mano, Limpiar con un pa\u00f1o<\/td>\n        <\/tr>\n        <tr>\n            <td>Usos recomendados del producto<\/td>\n            <td>Hervir<\/td>\n        <\/tr>\n        <tr>\n            <td>Nombre del modelo<\/td>\n            <td>Hervidor el\u00e9ctrico<\/td>\n        <\/tr>\n    <\/table>\n<\/body>\n<\/html>\t\t\t\t\t\t\t\t<\/div>\n\t\t\t\t<\/div>\n\t\t\t\t\t<\/div>\n\t\t\t\t<\/div>\n\t\t\t\t<\/div>","protected":false},"excerpt":{"rendered":"<p>Wake up early with a cup of tea &amp; coffee to evoke a good mood throughout the day ! This is a real time saver, easy to operate and safe to use. 304 stainless steel inner Makes your drinks healthy and purest tasts. 304 stainless steel inner Makes your drinks healthy and purest tasts. Ergonomic [&hellip;]<\/p>","protected":false},"featured_media":3115,"comment_status":"open","ping_status":"closed","template":"","meta":{"_acf_changed":false},"product_brand":[],"product_cat":[35],"product_tag":[],"class_list":{"0":"post-3112","1":"product","2":"type-product","3":"status-publish","4":"has-post-thumbnail","6":"product_cat-sale","8":"first","9":"instock","10":"sale","11":"shipping-taxable","12":"purchasable","13":"product-type-variable","14":"wvs-archive-product-wrapper"},"acf":[],"_links":{"self":[{"href":"https:\/\/crispbrowsing.shop\/es\/wp-json\/wp\/v2\/product\/3112","targetHints":{"allow":["GET"]}}],"collection":[{"href":"https:\/\/crispbrowsing.shop\/es\/wp-json\/wp\/v2\/product"}],"about":[{"href":"https:\/\/crispbrowsing.shop\/es\/wp-json\/wp\/v2\/types\/product"}],"replies":[{"embeddable":true,"href":"https:\/\/crispbrowsing.shop\/es\/wp-json\/wp\/v2\/comments?post=3112"}],"version-history":[{"count":4,"href":"https:\/\/crispbrowsing.shop\/es\/wp-json\/wp\/v2\/product\/3112\/revisions"}],"predecessor-version":[{"id":3135,"href":"https:\/\/crispbrowsing.shop\/es\/wp-json\/wp\/v2\/product\/3112\/revisions\/3135"}],"wp:featuredmedia":[{"embeddable":true,"href":"https:\/\/crispbrowsing.shop\/es\/wp-json\/wp\/v2\/media\/3115"}],"wp:attachment":[{"href":"https:\/\/crispbrowsing.shop\/es\/wp-json\/wp\/v2\/media?parent=3112"}],"wp:term":[{"taxonomy":"product_brand","embeddable":true,"href":"https:\/\/crispbrowsing.shop\/es\/wp-json\/wp\/v2\/product_brand?post=3112"},{"taxonomy":"product_cat","embeddable":true,"href":"https:\/\/crispbrowsing.shop\/es\/wp-json\/wp\/v2\/product_cat?post=3112"},{"taxonomy":"product_tag","embeddable":true,"href":"https:\/\/crispbrowsing.shop\/es\/wp-json\/wp\/v2\/product_tag?post=3112"}],"curies":[{"name":"wp","href":"https:\/\/api.w.org\/{rel}","templated":true}]}}