{"id":3138,"date":"2026-03-28T01:49:12","date_gmt":"2026-03-28T01:49:12","guid":{"rendered":"https:\/\/crispbrowsing.shop\/?post_type=product&#038;p=3138"},"modified":"2026-03-28T01:56:46","modified_gmt":"2026-03-28T01:56:46","slug":"mens-professional-hair-clippers-set-cordless-trimmer-kit-home-use-electric-razor-lithium-battery-model-xinghao-lqt-803-top-picks","status":"publish","type":"product","link":"https:\/\/crispbrowsing.shop\/es\/producto\/mens-professional-hair-clippers-set-cordless-trimmer-kit-home-use-electric-razor-lithium-battery-model-xinghao-lqt-803-top-picks\/","title":{"rendered":"Juego de cortapelos profesional para hombre, kit de cortapelos inal\u00e1mbrico, maquinilla de afeitar el\u00e9ctrica para uso dom\u00e9stico, bater\u00eda de litio, modelo Xinghao Lqt-803 #TOP PICKS"},"content":{"rendered":"<div data-elementor-type=\"product-post\" data-elementor-id=\"3138\" class=\"elementor elementor-3138\" data-elementor-post-type=\"product\">\n\t\t\t\t<div class=\"elementor-element elementor-element-7d3bd4a8 e-flex e-con-boxed e-con e-parent\" data-id=\"7d3bd4a8\" data-element_type=\"container\" data-settings=\"{&quot;ekit_has_onepagescroll_dot&quot;:&quot;yes&quot;}\">\n\t\t\t\t\t<div class=\"e-con-inner\">\n\t\t\t\t<div class=\"elementor-element elementor-element-2a0a6436 elementor-widget elementor-widget-image\" data-id=\"2a0a6436\" data-element_type=\"widget\" data-settings=\"{&quot;ekit_we_effect_on&quot;:&quot;none&quot;}\" data-widget_type=\"image.default\">\n\t\t\t\t<div class=\"elementor-widget-container\">\n\t\t\t\t\t\t\t\t\t\t\t\t\t\t\t<img fetchpriority=\"high\" decoding=\"async\" width=\"1464\" height=\"625\" src=\"https:\/\/crispbrowsing.shop\/wp-content\/uploads\/2026\/03\/d39f3ba5-079e-4751-8341-27177861b694.__CR001464625_PT0_SX1464_V1___.jpg\" class=\"attachment-full size-full wp-image-3146 wvs-archive-product-image\" alt=\"\" srcset=\"https:\/\/crispbrowsing.shop\/wp-content\/uploads\/2026\/03\/d39f3ba5-079e-4751-8341-27177861b694.__CR001464625_PT0_SX1464_V1___.jpg 1464w, https:\/\/crispbrowsing.shop\/wp-content\/uploads\/2026\/03\/d39f3ba5-079e-4751-8341-27177861b694.__CR001464625_PT0_SX1464_V1___-300x128.jpg 300w, https:\/\/crispbrowsing.shop\/wp-content\/uploads\/2026\/03\/d39f3ba5-079e-4751-8341-27177861b694.__CR001464625_PT0_SX1464_V1___-1024x437.jpg 1024w, https:\/\/crispbrowsing.shop\/wp-content\/uploads\/2026\/03\/d39f3ba5-079e-4751-8341-27177861b694.__CR001464625_PT0_SX1464_V1___-768x328.jpg 768w, https:\/\/crispbrowsing.shop\/wp-content\/uploads\/2026\/03\/d39f3ba5-079e-4751-8341-27177861b694.__CR001464625_PT0_SX1464_V1___-18x8.jpg 18w, https:\/\/crispbrowsing.shop\/wp-content\/uploads\/2026\/03\/d39f3ba5-079e-4751-8341-27177861b694.__CR001464625_PT0_SX1464_V1___-600x256.jpg 600w\" sizes=\"(max-width: 1464px) 100vw, 1464px\" \/>\t\t\t\t\t\t\t\t\t\t\t\t\t\t\t<\/div>\n\t\t\t\t<\/div>\n\t\t\t\t<div class=\"elementor-element elementor-element-14440f14 elementor-widget elementor-widget-text-editor\" data-id=\"14440f14\" data-element_type=\"widget\" data-settings=\"{&quot;ekit_we_effect_on&quot;:&quot;none&quot;}\" data-widget_type=\"text-editor.default\">\n\t\t\t\t<div class=\"elementor-widget-container\">\n\t\t\t\t\t\t\t\t\t<h2 style=\"text-align: center;\">Descripci\u00f3n del producto<\/h2>\t\t\t\t\t\t\t\t<\/div>\n\t\t\t\t<\/div>\n\t\t\t\t<div class=\"elementor-element elementor-element-f6202c6 elementor-widget elementor-widget-image\" data-id=\"f6202c6\" data-element_type=\"widget\" data-settings=\"{&quot;ekit_we_effect_on&quot;:&quot;none&quot;}\" data-widget_type=\"image.default\">\n\t\t\t\t<div class=\"elementor-widget-container\">\n\t\t\t\t\t\t\t\t\t\t\t\t\t\t\t<img decoding=\"async\" width=\"1464\" height=\"600\" src=\"https:\/\/crispbrowsing.shop\/wp-content\/uploads\/2026\/03\/1-71.jpg\" class=\"attachment-full size-full wp-image-3147 wvs-archive-product-image\" alt=\"\" srcset=\"https:\/\/crispbrowsing.shop\/wp-content\/uploads\/2026\/03\/1-71.jpg 1464w, https:\/\/crispbrowsing.shop\/wp-content\/uploads\/2026\/03\/1-71-300x123.jpg 300w, https:\/\/crispbrowsing.shop\/wp-content\/uploads\/2026\/03\/1-71-1024x420.jpg 1024w, https:\/\/crispbrowsing.shop\/wp-content\/uploads\/2026\/03\/1-71-768x315.jpg 768w, https:\/\/crispbrowsing.shop\/wp-content\/uploads\/2026\/03\/1-71-18x7.jpg 18w, https:\/\/crispbrowsing.shop\/wp-content\/uploads\/2026\/03\/1-71-600x246.jpg 600w\" sizes=\"(max-width: 1464px) 100vw, 1464px\" \/>\t\t\t\t\t\t\t\t\t\t\t\t\t\t\t<\/div>\n\t\t\t\t<\/div>\n\t\t\t\t<div class=\"elementor-element elementor-element-2934c4dd elementor-widget elementor-widget-image\" data-id=\"2934c4dd\" data-element_type=\"widget\" data-settings=\"{&quot;ekit_we_effect_on&quot;:&quot;none&quot;}\" data-widget_type=\"image.default\">\n\t\t\t\t<div class=\"elementor-widget-container\">\n\t\t\t\t\t\t\t\t\t\t\t\t\t\t\t<img decoding=\"async\" width=\"1464\" height=\"600\" src=\"https:\/\/crispbrowsing.shop\/wp-content\/uploads\/2026\/03\/2-46.jpg\" class=\"attachment-full size-full wp-image-3148 wvs-archive-product-image\" alt=\"\" srcset=\"https:\/\/crispbrowsing.shop\/wp-content\/uploads\/2026\/03\/2-46.jpg 1464w, https:\/\/crispbrowsing.shop\/wp-content\/uploads\/2026\/03\/2-46-300x123.jpg 300w, https:\/\/crispbrowsing.shop\/wp-content\/uploads\/2026\/03\/2-46-1024x420.jpg 1024w, https:\/\/crispbrowsing.shop\/wp-content\/uploads\/2026\/03\/2-46-768x315.jpg 768w, https:\/\/crispbrowsing.shop\/wp-content\/uploads\/2026\/03\/2-46-18x7.jpg 18w, https:\/\/crispbrowsing.shop\/wp-content\/uploads\/2026\/03\/2-46-600x246.jpg 600w\" sizes=\"(max-width: 1464px) 100vw, 1464px\" \/>\t\t\t\t\t\t\t\t\t\t\t\t\t\t\t<\/div>\n\t\t\t\t<\/div>\n\t\t\t\t<div class=\"elementor-element elementor-element-4f6d2267 elementor-widget elementor-widget-image\" data-id=\"4f6d2267\" data-element_type=\"widget\" data-settings=\"{&quot;ekit_we_effect_on&quot;:&quot;none&quot;}\" data-widget_type=\"image.default\">\n\t\t\t\t<div class=\"elementor-widget-container\">\n\t\t\t\t\t\t\t\t\t\t\t\t\t\t\t<img loading=\"lazy\" decoding=\"async\" width=\"1464\" height=\"600\" src=\"https:\/\/crispbrowsing.shop\/wp-content\/uploads\/2026\/03\/3-44.jpg\" class=\"attachment-full size-full wp-image-3149 wvs-archive-product-image\" alt=\"\" srcset=\"https:\/\/crispbrowsing.shop\/wp-content\/uploads\/2026\/03\/3-44.jpg 1464w, https:\/\/crispbrowsing.shop\/wp-content\/uploads\/2026\/03\/3-44-300x123.jpg 300w, https:\/\/crispbrowsing.shop\/wp-content\/uploads\/2026\/03\/3-44-1024x420.jpg 1024w, https:\/\/crispbrowsing.shop\/wp-content\/uploads\/2026\/03\/3-44-768x315.jpg 768w, https:\/\/crispbrowsing.shop\/wp-content\/uploads\/2026\/03\/3-44-18x7.jpg 18w, https:\/\/crispbrowsing.shop\/wp-content\/uploads\/2026\/03\/3-44-600x246.jpg 600w\" sizes=\"(max-width: 1464px) 100vw, 1464px\" \/>\t\t\t\t\t\t\t\t\t\t\t\t\t\t\t<\/div>\n\t\t\t\t<\/div>\n\t\t\t\t<div class=\"elementor-element elementor-element-593580de elementor-widget elementor-widget-image\" data-id=\"593580de\" data-element_type=\"widget\" data-settings=\"{&quot;ekit_we_effect_on&quot;:&quot;none&quot;}\" data-widget_type=\"image.default\">\n\t\t\t\t<div class=\"elementor-widget-container\">\n\t\t\t\t\t\t\t\t\t\t\t\t\t\t\t<img loading=\"lazy\" decoding=\"async\" width=\"1464\" height=\"600\" src=\"https:\/\/crispbrowsing.shop\/wp-content\/uploads\/2026\/03\/4-34.jpg\" class=\"attachment-full size-full wp-image-3150 wvs-archive-product-image\" alt=\"\" srcset=\"https:\/\/crispbrowsing.shop\/wp-content\/uploads\/2026\/03\/4-34.jpg 1464w, https:\/\/crispbrowsing.shop\/wp-content\/uploads\/2026\/03\/4-34-300x123.jpg 300w, https:\/\/crispbrowsing.shop\/wp-content\/uploads\/2026\/03\/4-34-1024x420.jpg 1024w, https:\/\/crispbrowsing.shop\/wp-content\/uploads\/2026\/03\/4-34-768x315.jpg 768w, https:\/\/crispbrowsing.shop\/wp-content\/uploads\/2026\/03\/4-34-18x7.jpg 18w, https:\/\/crispbrowsing.shop\/wp-content\/uploads\/2026\/03\/4-34-600x246.jpg 600w\" sizes=\"(max-width: 1464px) 100vw, 1464px\" \/>\t\t\t\t\t\t\t\t\t\t\t\t\t\t\t<\/div>\n\t\t\t\t<\/div>\n\t\t\t\t<div class=\"elementor-element elementor-element-7f52b13a elementor-widget elementor-widget-image\" data-id=\"7f52b13a\" data-element_type=\"widget\" data-settings=\"{&quot;ekit_we_effect_on&quot;:&quot;none&quot;}\" data-widget_type=\"image.default\">\n\t\t\t\t<div class=\"elementor-widget-container\">\n\t\t\t\t\t\t\t\t\t\t\t\t\t\t\t<img loading=\"lazy\" decoding=\"async\" width=\"1464\" height=\"600\" src=\"https:\/\/crispbrowsing.shop\/wp-content\/uploads\/2026\/03\/5-27.jpg\" class=\"attachment-full size-full wp-image-3151 wvs-archive-product-image\" alt=\"\" srcset=\"https:\/\/crispbrowsing.shop\/wp-content\/uploads\/2026\/03\/5-27.jpg 1464w, https:\/\/crispbrowsing.shop\/wp-content\/uploads\/2026\/03\/5-27-300x123.jpg 300w, https:\/\/crispbrowsing.shop\/wp-content\/uploads\/2026\/03\/5-27-1024x420.jpg 1024w, https:\/\/crispbrowsing.shop\/wp-content\/uploads\/2026\/03\/5-27-768x315.jpg 768w, https:\/\/crispbrowsing.shop\/wp-content\/uploads\/2026\/03\/5-27-18x7.jpg 18w, https:\/\/crispbrowsing.shop\/wp-content\/uploads\/2026\/03\/5-27-600x246.jpg 600w\" sizes=\"(max-width: 1464px) 100vw, 1464px\" \/>\t\t\t\t\t\t\t\t\t\t\t\t\t\t\t<\/div>\n\t\t\t\t<\/div>\n\t\t\t\t<div class=\"elementor-element elementor-element-23662b53 elementor-widget elementor-widget-image\" data-id=\"23662b53\" data-element_type=\"widget\" data-settings=\"{&quot;ekit_we_effect_on&quot;:&quot;none&quot;}\" data-widget_type=\"image.default\">\n\t\t\t\t<div class=\"elementor-widget-container\">\n\t\t\t\t\t\t\t\t\t\t\t\t\t\t\t<img loading=\"lazy\" decoding=\"async\" width=\"1464\" height=\"600\" src=\"https:\/\/crispbrowsing.shop\/wp-content\/uploads\/2026\/03\/6-23.jpg\" class=\"attachment-full size-full wp-image-3152 wvs-archive-product-image\" alt=\"\" srcset=\"https:\/\/crispbrowsing.shop\/wp-content\/uploads\/2026\/03\/6-23.jpg 1464w, https:\/\/crispbrowsing.shop\/wp-content\/uploads\/2026\/03\/6-23-300x123.jpg 300w, https:\/\/crispbrowsing.shop\/wp-content\/uploads\/2026\/03\/6-23-1024x420.jpg 1024w, https:\/\/crispbrowsing.shop\/wp-content\/uploads\/2026\/03\/6-23-768x315.jpg 768w, https:\/\/crispbrowsing.shop\/wp-content\/uploads\/2026\/03\/6-23-18x7.jpg 18w, https:\/\/crispbrowsing.shop\/wp-content\/uploads\/2026\/03\/6-23-600x246.jpg 600w\" sizes=\"(max-width: 1464px) 100vw, 1464px\" \/>\t\t\t\t\t\t\t\t\t\t\t\t\t\t\t<\/div>\n\t\t\t\t<\/div>\n\t\t\t\t<div class=\"elementor-element elementor-element-8547bfb elementor-widget elementor-widget-text-editor\" data-id=\"8547bfb\" data-element_type=\"widget\" data-settings=\"{&quot;ekit_we_effect_on&quot;:&quot;none&quot;}\" data-widget_type=\"text-editor.default\">\n\t\t\t\t<div class=\"elementor-widget-container\">\n\t\t\t\t\t\t\t\t\t<table class=\"specs-table\">\n    <tr>\n        <td>Usos recomendados del producto<\/td>\n        <td><span class=\"use-badge\">Barba<\/span><\/td>\n    <\/tr>\n    <tr>\n        <td>Peso del art\u00edculo<\/td>\n        <td><span class=\"weight-badge\">1 kilogramo<\/span><\/td>\n    <\/tr>\n    <tr>\n        <td>Fuente de energ\u00eda<\/td>\n        <td><span class=\"power-badge\">Funciona con pilas<\/span><\/td>\n    <\/tr>\n<\/table>\n\n<style>\n    .specs-table {\n        width: 100%;\n        border-collapse: collapse;\n        font-family: 'Segoe UI', Arial, sans-serif;\n        font-size: 14px;\n    }\n    .specs-table tr {\n        border-bottom: 1px solid #e0e0e0;\n    }\n    .specs-table td {\n        padding: 12px 0;\n        text-align: left;\n        vertical-align: top;\n    }\n    .specs-table td:first-child {\n        font-weight: 600;\n        width: 40%;\n        color: #2c3e50;\n    }\n    .specs-table td:last-child {\n        width: 60%;\n    }\n    .use-badge {\n        background-color: #e8f5e9;\n        color: #2e7d32;\n        padding: 8px 16px;\n        border-radius: 4px;\n        font-weight: 600;\n        display: inline-block;\n        border: 1px solid #c8e6c9;\n    }\n    .weight-badge {\n        background-color: #e3f2fd;\n        color: #1565c0;\n        padding: 8px 16px;\n        border-radius: 4px;\n        font-weight: 600;\n        display: inline-block;\n        border: 1px solid #bbdefb;\n    }\n    .power-badge {\n        background-color: #fff8e1;\n        color: #ff8f00;\n        padding: 8px 16px;\n        border-radius: 4px;\n        font-weight: 600;\n        display: inline-block;\n        border: 1px solid #ffecb3;\n    }\n<\/style>\t\t\t\t\t\t\t\t<\/div>\n\t\t\t\t<\/div>\n\t\t\t\t\t<\/div>\n\t\t\t\t<\/div>\n\t\t\t\t<\/div>","protected":false},"excerpt":{"rendered":"<p>Product description Recommended Uses For Product Beard Item Weight 1 Kilograms Power Source Battery Powered<\/p>","protected":false},"featured_media":3139,"comment_status":"open","ping_status":"closed","template":"","meta":{"_acf_changed":false},"product_brand":[],"product_cat":[35],"product_tag":[],"class_list":{"0":"post-3138","1":"product","2":"type-product","3":"status-publish","4":"has-post-thumbnail","6":"product_cat-sale","8":"first","9":"instock","10":"sale","11":"shipping-taxable","12":"purchasable","13":"product-type-simple"},"acf":[],"_links":{"self":[{"href":"https:\/\/crispbrowsing.shop\/es\/wp-json\/wp\/v2\/product\/3138","targetHints":{"allow":["GET"]}}],"collection":[{"href":"https:\/\/crispbrowsing.shop\/es\/wp-json\/wp\/v2\/product"}],"about":[{"href":"https:\/\/crispbrowsing.shop\/es\/wp-json\/wp\/v2\/types\/product"}],"replies":[{"embeddable":true,"href":"https:\/\/crispbrowsing.shop\/es\/wp-json\/wp\/v2\/comments?post=3138"}],"version-history":[{"count":4,"href":"https:\/\/crispbrowsing.shop\/es\/wp-json\/wp\/v2\/product\/3138\/revisions"}],"predecessor-version":[{"id":3160,"href":"https:\/\/crispbrowsing.shop\/es\/wp-json\/wp\/v2\/product\/3138\/revisions\/3160"}],"wp:featuredmedia":[{"embeddable":true,"href":"https:\/\/crispbrowsing.shop\/es\/wp-json\/wp\/v2\/media\/3139"}],"wp:attachment":[{"href":"https:\/\/crispbrowsing.shop\/es\/wp-json\/wp\/v2\/media?parent=3138"}],"wp:term":[{"taxonomy":"product_brand","embeddable":true,"href":"https:\/\/crispbrowsing.shop\/es\/wp-json\/wp\/v2\/product_brand?post=3138"},{"taxonomy":"product_cat","embeddable":true,"href":"https:\/\/crispbrowsing.shop\/es\/wp-json\/wp\/v2\/product_cat?post=3138"},{"taxonomy":"product_tag","embeddable":true,"href":"https:\/\/crispbrowsing.shop\/es\/wp-json\/wp\/v2\/product_tag?post=3138"}],"curies":[{"name":"wp","href":"https:\/\/api.w.org\/{rel}","templated":true}]}}